{"id":797,"date":"2022-09-10T20:30:30","date_gmt":"2022-09-10T18:30:30","guid":{"rendered":"https:\/\/musique-sacree-aix.fr\/?page_id=797"},"modified":"2025-02-17T22:03:36","modified_gmt":"2025-02-17T21:03:36","slug":"saison-hiver-2022","status":"publish","type":"page","link":"https:\/\/musique-sacree-aix.fr\/index.php\/saison-hiver-2022\/","title":{"rendered":"Programmation 2022-2023"},"content":{"rendered":"\n<div style=\"height:58px\" aria-hidden=\"true\" class=\"wp-block-spacer\"><\/div>\n\n\n\n<p><strong>\u00c9v\u00e8nements pass\u00e9s :<\/strong><\/p>\n\n\n\n<div style=\"height:28px\" aria-hidden=\"true\" class=\"wp-block-spacer\"><\/div>\n\n\n\n<div class=\"wp-block-media-text alignwide is-stacked-on-mobile\" style=\"grid-template-columns:42% auto\"><figure class=\"wp-block-media-text__media\"><img loading=\"lazy\" width=\"613\" height=\"648\" src=\"https:\/\/musique-sacree-aix.fr\/wp-content\/uploads\/2022\/09\/icone-SHENG-.jpg\" alt=\"\" class=\"wp-image-800 size-full\" srcset=\"https:\/\/musique-sacree-aix.fr\/wp-content\/uploads\/2022\/09\/icone-SHENG-.jpg 613w, https:\/\/musique-sacree-aix.fr\/wp-content\/uploads\/2022\/09\/icone-SHENG--284x300.jpg 284w\" sizes=\"(max-width: 613px) 100vw, 613px\" \/><\/figure><div class=\"wp-block-media-text__content\">\n<p class=\"has-white-color has-text-color has-large-font-size\">SHENG<\/p>\n\n\n\n<p><strong>Concert d&rsquo;ouverture<\/strong> <strong>et lancement du disque<\/strong><br>Choeur Dulci Jubilo, Dir <strong>Christopher GIBERT<\/strong><br>Compositeur et Organiste, <strong>Gr\u00e9goire ROLLAND<\/strong><\/p>\n\n\n\n<p><strong>8 Octobre 2022, 20h30<\/strong><br>Cath\u00e9drale d&rsquo;Aix-en-Provence, sur r\u00e9servation<\/p>\n\n\n\n<p><a href=\"https:\/\/musique-sacree-aix.fr\/index.php\/2022\/09\/10\/concert-lancement-disque-sheng-gregoire-rolland\/\" target=\"_blank\" rel=\"noreferrer noopener\">Plus d&rsquo;informations<\/a><\/p>\n<\/div><\/div>\n\n\n\n<div class=\"wp-block-media-text alignwide has-media-on-the-right is-stacked-on-mobile\" style=\"grid-template-columns:auto 41%\"><figure class=\"wp-block-media-text__media\"><img loading=\"lazy\" width=\"777\" height=\"720\" src=\"https:\/\/musique-sacree-aix.fr\/wp-content\/uploads\/2022\/09\/Le-Quatuor-Girard-fonde-2010_0.jpg\" alt=\"\" class=\"wp-image-840 size-full\" srcset=\"https:\/\/musique-sacree-aix.fr\/wp-content\/uploads\/2022\/09\/Le-Quatuor-Girard-fonde-2010_0.jpg 777w, https:\/\/musique-sacree-aix.fr\/wp-content\/uploads\/2022\/09\/Le-Quatuor-Girard-fonde-2010_0-300x278.jpg 300w, https:\/\/musique-sacree-aix.fr\/wp-content\/uploads\/2022\/09\/Le-Quatuor-Girard-fonde-2010_0-768x712.jpg 768w\" sizes=\"(max-width: 777px) 100vw, 777px\" \/><\/figure><div class=\"wp-block-media-text__content\">\n<p class=\"has-white-color has-text-color has-large-font-size\">Quatuor \u00e0 cordes et Orgue<\/p>\n\n\n\n<p><strong>Quatuor GIRARD<\/strong><br>Orgue <strong>Gr\u00e9goire ROLLAND<\/strong><\/p>\n\n\n\n<p><strong>5 novembre 2022, 20h30<\/strong><br>Cath\u00e9drale d&rsquo;Aix-en-Provence, sur r\u00e9servation<\/p>\n\n\n\n<p><a href=\"https:\/\/musique-sacree-aix.fr\/index.php\/2022\/10\/09\/quatuor-girard-et-orgue\/\" target=\"_blank\" rel=\"noreferrer noopener\">Plus d&rsquo;informations <\/a><\/p>\n<\/div><\/div>\n\n\n\n<div class=\"wp-block-media-text alignwide is-stacked-on-mobile\"><figure class=\"wp-block-media-text__media\"><img loading=\"lazy\" width=\"1024\" height=\"768\" src=\"https:\/\/musique-sacree-aix.fr\/wp-content\/uploads\/2022\/09\/48364633_2051229728269128_2048214751787352064_o-1024x768.jpg\" alt=\"\" class=\"wp-image-842 size-full\" srcset=\"https:\/\/musique-sacree-aix.fr\/wp-content\/uploads\/2022\/09\/48364633_2051229728269128_2048214751787352064_o-1024x768.jpg 1024w, https:\/\/musique-sacree-aix.fr\/wp-content\/uploads\/2022\/09\/48364633_2051229728269128_2048214751787352064_o-300x225.jpg 300w, https:\/\/musique-sacree-aix.fr\/wp-content\/uploads\/2022\/09\/48364633_2051229728269128_2048214751787352064_o-768x576.jpg 768w, https:\/\/musique-sacree-aix.fr\/wp-content\/uploads\/2022\/09\/48364633_2051229728269128_2048214751787352064_o-1536x1152.jpg 1536w, https:\/\/musique-sacree-aix.fr\/wp-content\/uploads\/2022\/09\/48364633_2051229728269128_2048214751787352064_o.jpg 1944w\" sizes=\"(max-width: 1024px) 100vw, 1024px\" \/><\/figure><div class=\"wp-block-media-text__content\">\n<p class=\"has-white-color has-text-color has-large-font-size\">Concert de No\u00ebl<\/p>\n\n\n\n<p>Choeur GAUDETE, et choeur des jeunes de la Cath\u00e9drale, Dir <strong>Pierre TAUDOU<\/strong><br>Choeur d&rsquo;enfant de la Cath\u00e9drale, Dir <strong>Luc DELPECH<\/strong><br>Orgue, <strong>Gr\u00e9goire ROLLAND<\/strong><\/p>\n\n\n\n<p><strong>11 d\u00e9cembre 2022, 17h00<\/strong><br>Cath\u00e9drale d&rsquo;Aix-en-Provence, entr\u00e9e libre<\/p>\n\n\n\n<p><a href=\"https:\/\/musique-sacree-aix.fr\/index.php\/2022\/12\/20\/retro-concert-de-noel-2022\/\" target=\"_blank\" rel=\"noreferrer noopener\">Plus d&rsquo;informations<\/a><\/p>\n<\/div><\/div>\n\n\n\n<div class=\"wp-block-media-text alignwide has-media-on-the-right is-stacked-on-mobile\"><figure class=\"wp-block-media-text__media\"><img loading=\"lazy\" width=\"1024\" height=\"683\" src=\"https:\/\/musique-sacree-aix.fr\/wp-content\/uploads\/2020\/12\/IMG_9876-1024x683.jpg\" alt=\"\" class=\"wp-image-278 size-full\" srcset=\"https:\/\/musique-sacree-aix.fr\/wp-content\/uploads\/2020\/12\/IMG_9876-1024x683.jpg 1024w, https:\/\/musique-sacree-aix.fr\/wp-content\/uploads\/2020\/12\/IMG_9876-300x200.jpg 300w, https:\/\/musique-sacree-aix.fr\/wp-content\/uploads\/2020\/12\/IMG_9876-768x512.jpg 768w, https:\/\/musique-sacree-aix.fr\/wp-content\/uploads\/2020\/12\/IMG_9876-1536x1024.jpg 1536w, https:\/\/musique-sacree-aix.fr\/wp-content\/uploads\/2020\/12\/IMG_9876-2048x1365.jpg 2048w\" sizes=\"(max-width: 1024px) 100vw, 1024px\" \/><\/figure><div class=\"wp-block-media-text__content\">\n<p class=\"has-large-font-size\">R\u00e9cital d&rsquo;Orgue<\/p>\n\n\n\n<p>Gr\u00e9goire ROLLAND<br>15 janvier 2023, Entr\u00e9e Libre<br><br><a href=\"https:\/\/musique-sacree-aix.fr\/index.php\/2023\/01\/15\/concert-dorgue\/\" target=\"_blank\" rel=\"noreferrer noopener\">Plus d&rsquo;informations<br><\/a><\/p>\n<\/div><\/div>\n\n\n\n<div class=\"wp-block-media-text alignwide is-stacked-on-mobile\"><figure class=\"wp-block-media-text__media\"><img loading=\"lazy\" width=\"1024\" height=\"768\" src=\"https:\/\/musique-sacree-aix.fr\/wp-content\/uploads\/2023\/02\/img_1802-1024x768.jpg\" alt=\"\" class=\"wp-image-938 size-full\" srcset=\"https:\/\/musique-sacree-aix.fr\/wp-content\/uploads\/2023\/02\/img_1802-1024x768.jpg 1024w, https:\/\/musique-sacree-aix.fr\/wp-content\/uploads\/2023\/02\/img_1802-300x225.jpg 300w, https:\/\/musique-sacree-aix.fr\/wp-content\/uploads\/2023\/02\/img_1802-768x576.jpg 768w, https:\/\/musique-sacree-aix.fr\/wp-content\/uploads\/2023\/02\/img_1802-1536x1152.jpg 1536w, https:\/\/musique-sacree-aix.fr\/wp-content\/uploads\/2023\/02\/img_1802-2048x1536.jpg 2048w\" sizes=\"(max-width: 1024px) 100vw, 1024px\" \/><\/figure><div class=\"wp-block-media-text__content\">\n<p class=\"has-large-font-size\">Concert Lecture<\/p>\n\n\n\n<p><strong>R\u00e9citante<\/strong>, <strong>Pauline CHOPLIN &amp; Sophie-V\u00e9ronique Cauchefer-Choplin<\/strong>, <strong>Orgue<\/strong><\/p>\n\n\n\n<p>26 mars 17h, Entr\u00e9e libre<\/p>\n\n\n\n<p><a href=\"https:\/\/musique-sacree-aix.fr\/index.php\/2023\/02\/12\/recitant-et-orgue-voici-lhomme\/\" target=\"_blank\" rel=\"noreferrer noopener\">Plus d&rsquo;informations<\/a><\/p>\n<\/div><\/div>\n\n\n\n<div class=\"wp-block-media-text alignwide has-media-on-the-right is-stacked-on-mobile\"><figure class=\"wp-block-media-text__media\"><img loading=\"lazy\" width=\"1024\" height=\"488\" src=\"https:\/\/musique-sacree-aix.fr\/wp-content\/uploads\/2023\/06\/Banniere-Bossu-4-1024x488.jpg\" alt=\"\" class=\"wp-image-1012 size-full\" srcset=\"https:\/\/musique-sacree-aix.fr\/wp-content\/uploads\/2023\/06\/Banniere-Bossu-4-1024x488.jpg 1024w, https:\/\/musique-sacree-aix.fr\/wp-content\/uploads\/2023\/06\/Banniere-Bossu-4-300x143.jpg 300w, https:\/\/musique-sacree-aix.fr\/wp-content\/uploads\/2023\/06\/Banniere-Bossu-4-768x366.jpg 768w, https:\/\/musique-sacree-aix.fr\/wp-content\/uploads\/2023\/06\/Banniere-Bossu-4-1536x731.jpg 1536w, https:\/\/musique-sacree-aix.fr\/wp-content\/uploads\/2023\/06\/Banniere-Bossu-4-2048x975.jpg 2048w\" sizes=\"(max-width: 1024px) 100vw, 1024px\" \/><\/figure><div class=\"wp-block-media-text__content\">\n<p class=\"has-large-font-size\">Cine-Concert : <\/p>\n\n\n\n<p><strong>Concert de Cl\u00f4ture<\/strong><br>Le Bossu de Notre Dame<\/p>\n\n\n\n<p><strong>Quentin Gu\u00e9rillot, Orgue<\/strong><\/p>\n\n\n\n<p><a href=\"https:\/\/musique-sacree-aix.fr\/index.php\/2023\/06\/24\/le-bossu-de-notre-dame-cineconcert\/\" target=\"_blank\" rel=\"noreferrer noopener\">Plus d&rsquo;informations<\/a><\/p>\n<\/div><\/div>\n","protected":false},"excerpt":{"rendered":"<p>\u00c9v\u00e8nements pass\u00e9s : SHENG Concert d&rsquo;ouverture et lancement du disqueChoeur Dulci Jubilo, Dir Christopher GIBERTCompositeur et Organiste, Gr\u00e9goire ROLLAND 8 Octobre 2022, 20h30Cath\u00e9drale d&rsquo;Aix-en-Provence, sur r\u00e9servation Plus d&rsquo;informations Quatuor \u00e0 cordes et Orgue Quatuor GIRARDOrgue Gr\u00e9goire ROLLAND 5 novembre 2022, 20h30Cath\u00e9drale d&rsquo;Aix-en-Provence, sur r\u00e9servation Plus d&rsquo;informations Concert de No\u00ebl Choeur GAUDETE, et choeur des jeunes &hellip; <\/p>\n","protected":false},"author":1,"featured_media":146,"parent":0,"menu_order":0,"comment_status":"closed","ping_status":"closed","template":"","meta":{"spay_email":""},"yoast_head":"<!-- This site is optimized with the Yoast SEO plugin v17.9 - https:\/\/yoast.com\/wordpress\/plugins\/seo\/ -->\n<title>Programmation 2022-2023 - Musique Sacr\u00e9e<\/title>\n<meta name=\"robots\" content=\"index, follow, max-snippet:-1, max-image-preview:large, max-video-preview:-1\" \/>\n<link rel=\"canonical\" href=\"https:\/\/musique-sacree-aix.fr\/index.php\/saison-hiver-2022\/\" \/>\n<meta property=\"og:locale\" content=\"fr_FR\" \/>\n<meta property=\"og:type\" content=\"article\" \/>\n<meta property=\"og:title\" content=\"Programmation 2022-2023 - Musique Sacr\u00e9e\" \/>\n<meta property=\"og:description\" content=\"\u00c9v\u00e8nements pass\u00e9s : SHENG Concert d&rsquo;ouverture et lancement du disqueChoeur Dulci Jubilo, Dir Christopher GIBERTCompositeur et Organiste, Gr\u00e9goire ROLLAND 8 Octobre 2022, 20h30Cath\u00e9drale d&rsquo;Aix-en-Provence, sur r\u00e9servation Plus d&rsquo;informations Quatuor \u00e0 cordes et Orgue Quatuor GIRARDOrgue Gr\u00e9goire ROLLAND 5 novembre 2022, 20h30Cath\u00e9drale d&rsquo;Aix-en-Provence, sur r\u00e9servation Plus d&rsquo;informations Concert de No\u00ebl Choeur GAUDETE, et choeur des jeunes &hellip;\" \/>\n<meta property=\"og:url\" content=\"https:\/\/musique-sacree-aix.fr\/index.php\/saison-hiver-2022\/\" \/>\n<meta property=\"og:site_name\" content=\"Musique Sacr\u00e9e\" \/>\n<meta property=\"article:publisher\" content=\"https:\/\/www.facebook.com\/musiquesacree.cathedraleaix\/\" \/>\n<meta property=\"article:modified_time\" content=\"2025-02-17T21:03:36+00:00\" \/>\n<meta property=\"og:image\" content=\"https:\/\/musique-sacree-aix.fr\/wp-content\/uploads\/2020\/12\/gramophone-5168549_1920.jpg\" \/>\n\t<meta property=\"og:image:width\" content=\"1920\" \/>\n\t<meta property=\"og:image:height\" content=\"1280\" \/>\n\t<meta property=\"og:image:type\" content=\"image\/jpeg\" \/>\n<meta name=\"twitter:card\" content=\"summary_large_image\" \/>\n<meta name=\"twitter:label1\" content=\"Dur\u00e9e de lecture estim\u00e9e\" \/>\n\t<meta name=\"twitter:data1\" content=\"2 minutes\" \/>\n<script type=\"application\/ld+json\" class=\"yoast-schema-graph\">{\"@context\":\"https:\/\/schema.org\",\"@graph\":[{\"@type\":\"Organization\",\"@id\":\"https:\/\/musique-sacree-aix.fr\/#organization\",\"name\":\"Musique Sacr\\u00e9e \\u00e0 la Cath\\u00e9drale d'Aix-en-Provence\",\"url\":\"https:\/\/musique-sacree-aix.fr\/\",\"sameAs\":[\"https:\/\/www.facebook.com\/musiquesacree.cathedraleaix\/\",\"https:\/\/www.youtube.com\/channel\/UC6PTCinXrlV6yM0dU4YTBww\"],\"logo\":{\"@type\":\"ImageObject\",\"@id\":\"https:\/\/musique-sacree-aix.fr\/#logo\",\"inLanguage\":\"fr-FR\",\"url\":\"https:\/\/musique-sacree-aix.fr\/wp-content\/uploads\/2020\/09\/HD-Logo-MSCA-couleur.png\",\"contentUrl\":\"https:\/\/musique-sacree-aix.fr\/wp-content\/uploads\/2020\/09\/HD-Logo-MSCA-couleur.png\",\"width\":2362,\"height\":2362,\"caption\":\"Musique Sacr\\u00e9e \\u00e0 la Cath\\u00e9drale d'Aix-en-Provence\"},\"image\":{\"@id\":\"https:\/\/musique-sacree-aix.fr\/#logo\"}},{\"@type\":\"WebSite\",\"@id\":\"https:\/\/musique-sacree-aix.fr\/#website\",\"url\":\"https:\/\/musique-sacree-aix.fr\/\",\"name\":\"Musique Sacr\\u00e9e Aix\",\"description\":\"\\u00e0 la Cath\\u00e9drale dAix-en-Provence\",\"publisher\":{\"@id\":\"https:\/\/musique-sacree-aix.fr\/#organization\"},\"potentialAction\":[{\"@type\":\"SearchAction\",\"target\":{\"@type\":\"EntryPoint\",\"urlTemplate\":\"https:\/\/musique-sacree-aix.fr\/?s={search_term_string}\"},\"query-input\":\"required name=search_term_string\"}],\"inLanguage\":\"fr-FR\"},{\"@type\":\"ImageObject\",\"@id\":\"https:\/\/musique-sacree-aix.fr\/index.php\/saison-hiver-2022\/#primaryimage\",\"inLanguage\":\"fr-FR\",\"url\":\"https:\/\/musique-sacree-aix.fr\/wp-content\/uploads\/2020\/12\/gramophone-5168549_1920.jpg\",\"contentUrl\":\"https:\/\/musique-sacree-aix.fr\/wp-content\/uploads\/2020\/12\/gramophone-5168549_1920.jpg\",\"width\":1920,\"height\":1280},{\"@type\":\"WebPage\",\"@id\":\"https:\/\/musique-sacree-aix.fr\/index.php\/saison-hiver-2022\/#webpage\",\"url\":\"https:\/\/musique-sacree-aix.fr\/index.php\/saison-hiver-2022\/\",\"name\":\"Programmation 2022-2023 - Musique Sacr\\u00e9e\",\"isPartOf\":{\"@id\":\"https:\/\/musique-sacree-aix.fr\/#website\"},\"primaryImageOfPage\":{\"@id\":\"https:\/\/musique-sacree-aix.fr\/index.php\/saison-hiver-2022\/#primaryimage\"},\"datePublished\":\"2022-09-10T18:30:30+00:00\",\"dateModified\":\"2025-02-17T21:03:36+00:00\",\"breadcrumb\":{\"@id\":\"https:\/\/musique-sacree-aix.fr\/index.php\/saison-hiver-2022\/#breadcrumb\"},\"inLanguage\":\"fr-FR\",\"potentialAction\":[{\"@type\":\"ReadAction\",\"target\":[\"https:\/\/musique-sacree-aix.fr\/index.php\/saison-hiver-2022\/\"]}]},{\"@type\":\"BreadcrumbList\",\"@id\":\"https:\/\/musique-sacree-aix.fr\/index.php\/saison-hiver-2022\/#breadcrumb\",\"itemListElement\":[{\"@type\":\"ListItem\",\"position\":1,\"name\":\"Accueil\",\"item\":\"https:\/\/musique-sacree-aix.fr\/\"},{\"@type\":\"ListItem\",\"position\":2,\"name\":\"Programmation 2022-2023\"}]}]}<\/script>\n<!-- \/ Yoast SEO plugin. -->","yoast_head_json":{"title":"Programmation 2022-2023 - Musique Sacr\u00e9e","robots":{"index":"index","follow":"follow","max-snippet":"max-snippet:-1","max-image-preview":"max-image-preview:large","max-video-preview":"max-video-preview:-1"},"canonical":"https:\/\/musique-sacree-aix.fr\/index.php\/saison-hiver-2022\/","og_locale":"fr_FR","og_type":"article","og_title":"Programmation 2022-2023 - Musique Sacr\u00e9e","og_description":"\u00c9v\u00e8nements pass\u00e9s : SHENG Concert d&rsquo;ouverture et lancement du disqueChoeur Dulci Jubilo, Dir Christopher GIBERTCompositeur et Organiste, Gr\u00e9goire ROLLAND 8 Octobre 2022, 20h30Cath\u00e9drale d&rsquo;Aix-en-Provence, sur r\u00e9servation Plus d&rsquo;informations Quatuor \u00e0 cordes et Orgue Quatuor GIRARDOrgue Gr\u00e9goire ROLLAND 5 novembre 2022, 20h30Cath\u00e9drale d&rsquo;Aix-en-Provence, sur r\u00e9servation Plus d&rsquo;informations Concert de No\u00ebl Choeur GAUDETE, et choeur des jeunes &hellip;","og_url":"https:\/\/musique-sacree-aix.fr\/index.php\/saison-hiver-2022\/","og_site_name":"Musique Sacr\u00e9e","article_publisher":"https:\/\/www.facebook.com\/musiquesacree.cathedraleaix\/","article_modified_time":"2025-02-17T21:03:36+00:00","og_image":[{"width":1920,"height":1280,"url":"https:\/\/musique-sacree-aix.fr\/wp-content\/uploads\/2020\/12\/gramophone-5168549_1920.jpg","type":"image\/jpeg"}],"twitter_card":"summary_large_image","twitter_misc":{"Dur\u00e9e de lecture estim\u00e9e":"2 minutes"},"schema":{"@context":"https:\/\/schema.org","@graph":[{"@type":"Organization","@id":"https:\/\/musique-sacree-aix.fr\/#organization","name":"Musique Sacr\u00e9e \u00e0 la Cath\u00e9drale d'Aix-en-Provence","url":"https:\/\/musique-sacree-aix.fr\/","sameAs":["https:\/\/www.facebook.com\/musiquesacree.cathedraleaix\/","https:\/\/www.youtube.com\/channel\/UC6PTCinXrlV6yM0dU4YTBww"],"logo":{"@type":"ImageObject","@id":"https:\/\/musique-sacree-aix.fr\/#logo","inLanguage":"fr-FR","url":"https:\/\/musique-sacree-aix.fr\/wp-content\/uploads\/2020\/09\/HD-Logo-MSCA-couleur.png","contentUrl":"https:\/\/musique-sacree-aix.fr\/wp-content\/uploads\/2020\/09\/HD-Logo-MSCA-couleur.png","width":2362,"height":2362,"caption":"Musique Sacr\u00e9e \u00e0 la Cath\u00e9drale d'Aix-en-Provence"},"image":{"@id":"https:\/\/musique-sacree-aix.fr\/#logo"}},{"@type":"WebSite","@id":"https:\/\/musique-sacree-aix.fr\/#website","url":"https:\/\/musique-sacree-aix.fr\/","name":"Musique Sacr\u00e9e Aix","description":"\u00e0 la Cath\u00e9drale dAix-en-Provence","publisher":{"@id":"https:\/\/musique-sacree-aix.fr\/#organization"},"potentialAction":[{"@type":"SearchAction","target":{"@type":"EntryPoint","urlTemplate":"https:\/\/musique-sacree-aix.fr\/?s={search_term_string}"},"query-input":"required name=search_term_string"}],"inLanguage":"fr-FR"},{"@type":"ImageObject","@id":"https:\/\/musique-sacree-aix.fr\/index.php\/saison-hiver-2022\/#primaryimage","inLanguage":"fr-FR","url":"https:\/\/musique-sacree-aix.fr\/wp-content\/uploads\/2020\/12\/gramophone-5168549_1920.jpg","contentUrl":"https:\/\/musique-sacree-aix.fr\/wp-content\/uploads\/2020\/12\/gramophone-5168549_1920.jpg","width":1920,"height":1280},{"@type":"WebPage","@id":"https:\/\/musique-sacree-aix.fr\/index.php\/saison-hiver-2022\/#webpage","url":"https:\/\/musique-sacree-aix.fr\/index.php\/saison-hiver-2022\/","name":"Programmation 2022-2023 - Musique Sacr\u00e9e","isPartOf":{"@id":"https:\/\/musique-sacree-aix.fr\/#website"},"primaryImageOfPage":{"@id":"https:\/\/musique-sacree-aix.fr\/index.php\/saison-hiver-2022\/#primaryimage"},"datePublished":"2022-09-10T18:30:30+00:00","dateModified":"2025-02-17T21:03:36+00:00","breadcrumb":{"@id":"https:\/\/musique-sacree-aix.fr\/index.php\/saison-hiver-2022\/#breadcrumb"},"inLanguage":"fr-FR","potentialAction":[{"@type":"ReadAction","target":["https:\/\/musique-sacree-aix.fr\/index.php\/saison-hiver-2022\/"]}]},{"@type":"BreadcrumbList","@id":"https:\/\/musique-sacree-aix.fr\/index.php\/saison-hiver-2022\/#breadcrumb","itemListElement":[{"@type":"ListItem","position":1,"name":"Accueil","item":"https:\/\/musique-sacree-aix.fr\/"},{"@type":"ListItem","position":2,"name":"Programmation 2022-2023"}]}]}},"jetpack_sharing_enabled":true,"_links":{"self":[{"href":"https:\/\/musique-sacree-aix.fr\/index.php\/wp-json\/wp\/v2\/pages\/797"}],"collection":[{"href":"https:\/\/musique-sacree-aix.fr\/index.php\/wp-json\/wp\/v2\/pages"}],"about":[{"href":"https:\/\/musique-sacree-aix.fr\/index.php\/wp-json\/wp\/v2\/types\/page"}],"author":[{"embeddable":true,"href":"https:\/\/musique-sacree-aix.fr\/index.php\/wp-json\/wp\/v2\/users\/1"}],"replies":[{"embeddable":true,"href":"https:\/\/musique-sacree-aix.fr\/index.php\/wp-json\/wp\/v2\/comments?post=797"}],"version-history":[{"count":17,"href":"https:\/\/musique-sacree-aix.fr\/index.php\/wp-json\/wp\/v2\/pages\/797\/revisions"}],"predecessor-version":[{"id":1046,"href":"https:\/\/musique-sacree-aix.fr\/index.php\/wp-json\/wp\/v2\/pages\/797\/revisions\/1046"}],"wp:featuredmedia":[{"embeddable":true,"href":"https:\/\/musique-sacree-aix.fr\/index.php\/wp-json\/wp\/v2\/media\/146"}],"wp:attachment":[{"href":"https:\/\/musique-sacree-aix.fr\/index.php\/wp-json\/wp\/v2\/media?parent=797"}],"curies":[{"name":"wp","href":"https:\/\/api.w.org\/{rel}","templated":true}]}}