{"id":62,"date":"2020-10-07T12:18:16","date_gmt":"2020-10-07T10:18:16","guid":{"rendered":"http:\/\/musique-sacree-aix.fr\/?page_id=62"},"modified":"2024-01-10T17:43:14","modified_gmt":"2024-01-10T16:43:14","slug":"le-petit-choeur","status":"publish","type":"page","link":"https:\/\/musique-sacree-aix.fr\/index.php\/le-petit-choeur\/","title":{"rendered":"Le Ch\u0153ur d&rsquo;enfants"},"content":{"rendered":"\n<h2>Le Ch\u0153ur d&rsquo;enfants<\/h2>\n\n\n\n<p>Dirig\u00e9 par Caroline GREBER, le ch\u0153ur d&rsquo;enfants est constitu\u00e9 d&rsquo;\u00e9l\u00e8ves en classes de primaire et coll\u00e8ge qui souhaitent partager leur amour du chant pour le mettre au service des autres. Les enfants se produisent lors de diff\u00e9rents concerts au sein de la saison musicale de l&rsquo;association <em>Musique Sacr\u00e9e \u00e0 la Cath\u00e9drale d&rsquo;Aix-en-Provence<\/em>, ainsi que lors d&rsquo;offices liturgiques dominicaux inh\u00e9rents \u00e0 la vie de la Cath\u00e9drale.\u00a0<\/p>\n\n\n\n<p>Les activit\u00e9s se d\u00e9roulent le samedi, au 34 place des Martyrs de la R\u00e9sistance, Aix-en-Provence\u00a0:\u00a0<\/p>\n\n\n\n<p><\/p>\n\n\n\n<p>Pour plus d&rsquo;informations, contactez l&rsquo;association.<\/p>\n","protected":false},"excerpt":{"rendered":"<p>Le Ch\u0153ur d&rsquo;enfants Dirig\u00e9 par Caroline GREBER, le ch\u0153ur d&rsquo;enfants est constitu\u00e9 d&rsquo;\u00e9l\u00e8ves en classes de primaire et coll\u00e8ge qui souhaitent partager leur amour du chant pour le mettre au service des autres. Les enfants se produisent lors de diff\u00e9rents concerts au sein de la saison musicale de l&rsquo;association Musique Sacr\u00e9e \u00e0 la Cath\u00e9drale d&rsquo;Aix-en-Provence, &hellip; <\/p>\n","protected":false},"author":1,"featured_media":130,"parent":0,"menu_order":0,"comment_status":"closed","ping_status":"closed","template":"","meta":{"spay_email":""},"yoast_head":"<!-- This site is optimized with the Yoast SEO plugin v17.9 - https:\/\/yoast.com\/wordpress\/plugins\/seo\/ -->\n<title>Le Ch\u0153ur d&#039;enfants - Musique Sacr\u00e9e<\/title>\n<meta name=\"robots\" content=\"index, follow, max-snippet:-1, max-image-preview:large, max-video-preview:-1\" \/>\n<link rel=\"canonical\" href=\"https:\/\/musique-sacree-aix.fr\/index.php\/le-petit-choeur\/\" \/>\n<meta property=\"og:locale\" content=\"fr_FR\" \/>\n<meta property=\"og:type\" content=\"article\" \/>\n<meta property=\"og:title\" content=\"Le Ch\u0153ur d&#039;enfants - Musique Sacr\u00e9e\" \/>\n<meta property=\"og:description\" content=\"Le Ch\u0153ur d&rsquo;enfants Dirig\u00e9 par Caroline GREBER, le ch\u0153ur d&rsquo;enfants est constitu\u00e9 d&rsquo;\u00e9l\u00e8ves en classes de primaire et coll\u00e8ge qui souhaitent partager leur amour du chant pour le mettre au service des autres. Les enfants se produisent lors de diff\u00e9rents concerts au sein de la saison musicale de l&rsquo;association Musique Sacr\u00e9e \u00e0 la Cath\u00e9drale d&rsquo;Aix-en-Provence, &hellip;\" \/>\n<meta property=\"og:url\" content=\"https:\/\/musique-sacree-aix.fr\/index.php\/le-petit-choeur\/\" \/>\n<meta property=\"og:site_name\" content=\"Musique Sacr\u00e9e\" \/>\n<meta property=\"article:publisher\" content=\"https:\/\/www.facebook.com\/musiquesacree.cathedraleaix\/\" \/>\n<meta property=\"article:modified_time\" content=\"2024-01-10T16:43:14+00:00\" \/>\n<meta property=\"og:image\" content=\"https:\/\/musique-sacree-aix.fr\/wp-content\/uploads\/2020\/12\/IMG_0002-scaled.jpg\" \/>\n\t<meta property=\"og:image:width\" content=\"2560\" \/>\n\t<meta property=\"og:image:height\" content=\"1190\" \/>\n\t<meta property=\"og:image:type\" content=\"image\/jpeg\" \/>\n<meta name=\"twitter:card\" content=\"summary_large_image\" \/>\n<meta name=\"twitter:label1\" content=\"Dur\u00e9e de lecture estim\u00e9e\" \/>\n\t<meta name=\"twitter:data1\" content=\"1 minute\" \/>\n<script type=\"application\/ld+json\" class=\"yoast-schema-graph\">{\"@context\":\"https:\/\/schema.org\",\"@graph\":[{\"@type\":\"Organization\",\"@id\":\"https:\/\/musique-sacree-aix.fr\/#organization\",\"name\":\"Musique Sacr\\u00e9e \\u00e0 la Cath\\u00e9drale d'Aix-en-Provence\",\"url\":\"https:\/\/musique-sacree-aix.fr\/\",\"sameAs\":[\"https:\/\/www.facebook.com\/musiquesacree.cathedraleaix\/\",\"https:\/\/www.youtube.com\/channel\/UC6PTCinXrlV6yM0dU4YTBww\"],\"logo\":{\"@type\":\"ImageObject\",\"@id\":\"https:\/\/musique-sacree-aix.fr\/#logo\",\"inLanguage\":\"fr-FR\",\"url\":\"https:\/\/musique-sacree-aix.fr\/wp-content\/uploads\/2020\/09\/HD-Logo-MSCA-couleur.png\",\"contentUrl\":\"https:\/\/musique-sacree-aix.fr\/wp-content\/uploads\/2020\/09\/HD-Logo-MSCA-couleur.png\",\"width\":2362,\"height\":2362,\"caption\":\"Musique Sacr\\u00e9e \\u00e0 la Cath\\u00e9drale d'Aix-en-Provence\"},\"image\":{\"@id\":\"https:\/\/musique-sacree-aix.fr\/#logo\"}},{\"@type\":\"WebSite\",\"@id\":\"https:\/\/musique-sacree-aix.fr\/#website\",\"url\":\"https:\/\/musique-sacree-aix.fr\/\",\"name\":\"Musique Sacr\\u00e9e Aix\",\"description\":\"\\u00e0 la Cath\\u00e9drale dAix-en-Provence\",\"publisher\":{\"@id\":\"https:\/\/musique-sacree-aix.fr\/#organization\"},\"potentialAction\":[{\"@type\":\"SearchAction\",\"target\":{\"@type\":\"EntryPoint\",\"urlTemplate\":\"https:\/\/musique-sacree-aix.fr\/?s={search_term_string}\"},\"query-input\":\"required name=search_term_string\"}],\"inLanguage\":\"fr-FR\"},{\"@type\":\"ImageObject\",\"@id\":\"https:\/\/musique-sacree-aix.fr\/index.php\/le-petit-choeur\/#primaryimage\",\"inLanguage\":\"fr-FR\",\"url\":\"https:\/\/musique-sacree-aix.fr\/wp-content\/uploads\/2020\/12\/IMG_0002-scaled.jpg\",\"contentUrl\":\"https:\/\/musique-sacree-aix.fr\/wp-content\/uploads\/2020\/12\/IMG_0002-scaled.jpg\",\"width\":2560,\"height\":1190},{\"@type\":\"WebPage\",\"@id\":\"https:\/\/musique-sacree-aix.fr\/index.php\/le-petit-choeur\/#webpage\",\"url\":\"https:\/\/musique-sacree-aix.fr\/index.php\/le-petit-choeur\/\",\"name\":\"Le Ch\\u0153ur d'enfants - Musique Sacr\\u00e9e\",\"isPartOf\":{\"@id\":\"https:\/\/musique-sacree-aix.fr\/#website\"},\"primaryImageOfPage\":{\"@id\":\"https:\/\/musique-sacree-aix.fr\/index.php\/le-petit-choeur\/#primaryimage\"},\"datePublished\":\"2020-10-07T10:18:16+00:00\",\"dateModified\":\"2024-01-10T16:43:14+00:00\",\"breadcrumb\":{\"@id\":\"https:\/\/musique-sacree-aix.fr\/index.php\/le-petit-choeur\/#breadcrumb\"},\"inLanguage\":\"fr-FR\",\"potentialAction\":[{\"@type\":\"ReadAction\",\"target\":[\"https:\/\/musique-sacree-aix.fr\/index.php\/le-petit-choeur\/\"]}]},{\"@type\":\"BreadcrumbList\",\"@id\":\"https:\/\/musique-sacree-aix.fr\/index.php\/le-petit-choeur\/#breadcrumb\",\"itemListElement\":[{\"@type\":\"ListItem\",\"position\":1,\"name\":\"Accueil\",\"item\":\"https:\/\/musique-sacree-aix.fr\/\"},{\"@type\":\"ListItem\",\"position\":2,\"name\":\"Le Ch\\u0153ur d&rsquo;enfants\"}]}]}<\/script>\n<!-- \/ Yoast SEO plugin. -->","yoast_head_json":{"title":"Le Ch\u0153ur d'enfants - Musique Sacr\u00e9e","robots":{"index":"index","follow":"follow","max-snippet":"max-snippet:-1","max-image-preview":"max-image-preview:large","max-video-preview":"max-video-preview:-1"},"canonical":"https:\/\/musique-sacree-aix.fr\/index.php\/le-petit-choeur\/","og_locale":"fr_FR","og_type":"article","og_title":"Le Ch\u0153ur d'enfants - Musique Sacr\u00e9e","og_description":"Le Ch\u0153ur d&rsquo;enfants Dirig\u00e9 par Caroline GREBER, le ch\u0153ur d&rsquo;enfants est constitu\u00e9 d&rsquo;\u00e9l\u00e8ves en classes de primaire et coll\u00e8ge qui souhaitent partager leur amour du chant pour le mettre au service des autres. Les enfants se produisent lors de diff\u00e9rents concerts au sein de la saison musicale de l&rsquo;association Musique Sacr\u00e9e \u00e0 la Cath\u00e9drale d&rsquo;Aix-en-Provence, &hellip;","og_url":"https:\/\/musique-sacree-aix.fr\/index.php\/le-petit-choeur\/","og_site_name":"Musique Sacr\u00e9e","article_publisher":"https:\/\/www.facebook.com\/musiquesacree.cathedraleaix\/","article_modified_time":"2024-01-10T16:43:14+00:00","og_image":[{"width":2560,"height":1190,"url":"https:\/\/musique-sacree-aix.fr\/wp-content\/uploads\/2020\/12\/IMG_0002-scaled.jpg","type":"image\/jpeg"}],"twitter_card":"summary_large_image","twitter_misc":{"Dur\u00e9e de lecture estim\u00e9e":"1 minute"},"schema":{"@context":"https:\/\/schema.org","@graph":[{"@type":"Organization","@id":"https:\/\/musique-sacree-aix.fr\/#organization","name":"Musique Sacr\u00e9e \u00e0 la Cath\u00e9drale d'Aix-en-Provence","url":"https:\/\/musique-sacree-aix.fr\/","sameAs":["https:\/\/www.facebook.com\/musiquesacree.cathedraleaix\/","https:\/\/www.youtube.com\/channel\/UC6PTCinXrlV6yM0dU4YTBww"],"logo":{"@type":"ImageObject","@id":"https:\/\/musique-sacree-aix.fr\/#logo","inLanguage":"fr-FR","url":"https:\/\/musique-sacree-aix.fr\/wp-content\/uploads\/2020\/09\/HD-Logo-MSCA-couleur.png","contentUrl":"https:\/\/musique-sacree-aix.fr\/wp-content\/uploads\/2020\/09\/HD-Logo-MSCA-couleur.png","width":2362,"height":2362,"caption":"Musique Sacr\u00e9e \u00e0 la Cath\u00e9drale d'Aix-en-Provence"},"image":{"@id":"https:\/\/musique-sacree-aix.fr\/#logo"}},{"@type":"WebSite","@id":"https:\/\/musique-sacree-aix.fr\/#website","url":"https:\/\/musique-sacree-aix.fr\/","name":"Musique Sacr\u00e9e Aix","description":"\u00e0 la Cath\u00e9drale dAix-en-Provence","publisher":{"@id":"https:\/\/musique-sacree-aix.fr\/#organization"},"potentialAction":[{"@type":"SearchAction","target":{"@type":"EntryPoint","urlTemplate":"https:\/\/musique-sacree-aix.fr\/?s={search_term_string}"},"query-input":"required name=search_term_string"}],"inLanguage":"fr-FR"},{"@type":"ImageObject","@id":"https:\/\/musique-sacree-aix.fr\/index.php\/le-petit-choeur\/#primaryimage","inLanguage":"fr-FR","url":"https:\/\/musique-sacree-aix.fr\/wp-content\/uploads\/2020\/12\/IMG_0002-scaled.jpg","contentUrl":"https:\/\/musique-sacree-aix.fr\/wp-content\/uploads\/2020\/12\/IMG_0002-scaled.jpg","width":2560,"height":1190},{"@type":"WebPage","@id":"https:\/\/musique-sacree-aix.fr\/index.php\/le-petit-choeur\/#webpage","url":"https:\/\/musique-sacree-aix.fr\/index.php\/le-petit-choeur\/","name":"Le Ch\u0153ur d'enfants - Musique Sacr\u00e9e","isPartOf":{"@id":"https:\/\/musique-sacree-aix.fr\/#website"},"primaryImageOfPage":{"@id":"https:\/\/musique-sacree-aix.fr\/index.php\/le-petit-choeur\/#primaryimage"},"datePublished":"2020-10-07T10:18:16+00:00","dateModified":"2024-01-10T16:43:14+00:00","breadcrumb":{"@id":"https:\/\/musique-sacree-aix.fr\/index.php\/le-petit-choeur\/#breadcrumb"},"inLanguage":"fr-FR","potentialAction":[{"@type":"ReadAction","target":["https:\/\/musique-sacree-aix.fr\/index.php\/le-petit-choeur\/"]}]},{"@type":"BreadcrumbList","@id":"https:\/\/musique-sacree-aix.fr\/index.php\/le-petit-choeur\/#breadcrumb","itemListElement":[{"@type":"ListItem","position":1,"name":"Accueil","item":"https:\/\/musique-sacree-aix.fr\/"},{"@type":"ListItem","position":2,"name":"Le Ch\u0153ur d&rsquo;enfants"}]}]}},"jetpack_sharing_enabled":true,"_links":{"self":[{"href":"https:\/\/musique-sacree-aix.fr\/index.php\/wp-json\/wp\/v2\/pages\/62"}],"collection":[{"href":"https:\/\/musique-sacree-aix.fr\/index.php\/wp-json\/wp\/v2\/pages"}],"about":[{"href":"https:\/\/musique-sacree-aix.fr\/index.php\/wp-json\/wp\/v2\/types\/page"}],"author":[{"embeddable":true,"href":"https:\/\/musique-sacree-aix.fr\/index.php\/wp-json\/wp\/v2\/users\/1"}],"replies":[{"embeddable":true,"href":"https:\/\/musique-sacree-aix.fr\/index.php\/wp-json\/wp\/v2\/comments?post=62"}],"version-history":[{"count":5,"href":"https:\/\/musique-sacree-aix.fr\/index.php\/wp-json\/wp\/v2\/pages\/62\/revisions"}],"predecessor-version":[{"id":1085,"href":"https:\/\/musique-sacree-aix.fr\/index.php\/wp-json\/wp\/v2\/pages\/62\/revisions\/1085"}],"wp:featuredmedia":[{"embeddable":true,"href":"https:\/\/musique-sacree-aix.fr\/index.php\/wp-json\/wp\/v2\/media\/130"}],"wp:attachment":[{"href":"https:\/\/musique-sacree-aix.fr\/index.php\/wp-json\/wp\/v2\/media?parent=62"}],"curies":[{"name":"wp","href":"https:\/\/api.w.org\/{rel}","templated":true}]}}