{"id":51,"date":"2020-10-07T11:32:57","date_gmt":"2020-10-07T09:32:57","guid":{"rendered":"http:\/\/musique-sacree-aix.fr\/?page_id=51"},"modified":"2022-09-11T17:27:48","modified_gmt":"2022-09-11T15:27:48","slug":"programmation","status":"publish","type":"page","link":"https:\/\/musique-sacree-aix.fr\/index.php\/programmation\/","title":{"rendered":"Programmation 2021-2022"},"content":{"rendered":"\n<div style=\"height:100px\" aria-hidden=\"true\" class=\"wp-block-spacer\"><\/div>\n\n\n\n<p><strong>\u00c9v\u00e8nements pass\u00e9s : <\/strong><\/p>\n\n\n\n<p><br><\/p>\n\n\n\n<div class=\"wp-block-media-text alignwide has-media-on-the-right is-stacked-on-mobile\" style=\"grid-template-columns:auto 47%\"><figure class=\"wp-block-media-text__media\"><img loading=\"lazy\" width=\"1024\" height=\"895\" src=\"https:\/\/musique-sacree-aix.fr\/wp-content\/uploads\/2022\/02\/IMG448209-1024x895.jpg\" alt=\"\" class=\"wp-image-670 size-full\" srcset=\"https:\/\/musique-sacree-aix.fr\/wp-content\/uploads\/2022\/02\/IMG448209-1024x895.jpg 1024w, https:\/\/musique-sacree-aix.fr\/wp-content\/uploads\/2022\/02\/IMG448209-300x262.jpg 300w, https:\/\/musique-sacree-aix.fr\/wp-content\/uploads\/2022\/02\/IMG448209-768x672.jpg 768w, https:\/\/musique-sacree-aix.fr\/wp-content\/uploads\/2022\/02\/IMG448209-1536x1343.jpg 1536w, https:\/\/musique-sacree-aix.fr\/wp-content\/uploads\/2022\/02\/IMG448209-2048x1791.jpg 2048w\" sizes=\"(max-width: 1024px) 100vw, 1024px\" \/><\/figure><div class=\"wp-block-media-text__content\">\n<p class=\"has-white-color has-text-color has-large-font-size\"><strong>Trompette et Orgue<\/strong><br><\/p>\n\n\n\n<p><strong>Jean-Christophe GIRAULT<\/strong> &#8211; Trompette<br><strong>Gr\u00e9goire ROLLAND<\/strong> &#8211; Orgue<\/p>\n\n\n\n<p><strong>10 Octobre 2021 \u00e0 17h00<\/strong>  <br>Cath\u00e9drale d&rsquo;Aix-en-Provence<\/p>\n\n\n\n<p><a href=\"https:\/\/musique-sacree-aix.fr\/index.php\/2021\/10\/10\/retro-trompette-et-orgue\/\" target=\"_blank\" rel=\"noreferrer noopener\">Plus d&rsquo;informations<\/a><\/p>\n<\/div><\/div>\n\n\n\n<div class=\"wp-block-media-text alignwide is-stacked-on-mobile\"><figure class=\"wp-block-media-text__media\"><img loading=\"lazy\" width=\"503\" height=\"375\" src=\"https:\/\/musique-sacree-aix.fr\/wp-content\/uploads\/2021\/10\/Image1.png\" alt=\"\" class=\"wp-image-510 size-full\" srcset=\"https:\/\/musique-sacree-aix.fr\/wp-content\/uploads\/2021\/10\/Image1.png 503w, https:\/\/musique-sacree-aix.fr\/wp-content\/uploads\/2021\/10\/Image1-300x224.png 300w\" sizes=\"(max-width: 503px) 100vw, 503px\" \/><\/figure><div class=\"wp-block-media-text__content\">\n<p class=\"has-white-color has-text-color has-large-font-size\"><strong>Orgue et Clarinette<\/strong><\/p>\n\n\n\n<p><strong>Arnaud MARTIN et Gr\u00e9goire ROLLAND<\/strong><\/p>\n\n\n\n<p><strong>21 Novembre 2021 \u00e0 17h00<\/strong>  <br>Cath\u00e9drale d&rsquo;Aix-en-Provence<\/p>\n\n\n\n<p><a href=\"https:\/\/musique-sacree-aix.fr\/index.php\/2021\/11\/04\/orgue-et-clarinette\/\" target=\"_blank\" rel=\"noreferrer noopener\">Plus d&rsquo;informations<\/a><\/p>\n<\/div><\/div>\n\n\n\n<div class=\"wp-block-media-text alignwide has-media-on-the-right is-stacked-on-mobile\"><figure class=\"wp-block-media-text__media\"><img loading=\"lazy\" width=\"1024\" height=\"768\" src=\"https:\/\/musique-sacree-aix.fr\/wp-content\/uploads\/2021\/06\/48364633_2051229728269128_2048214751787352064_n-1024x768.jpg\" alt=\"\" class=\"wp-image-411 size-full\" srcset=\"https:\/\/musique-sacree-aix.fr\/wp-content\/uploads\/2021\/06\/48364633_2051229728269128_2048214751787352064_n-1024x768.jpg 1024w, https:\/\/musique-sacree-aix.fr\/wp-content\/uploads\/2021\/06\/48364633_2051229728269128_2048214751787352064_n-300x225.jpg 300w, https:\/\/musique-sacree-aix.fr\/wp-content\/uploads\/2021\/06\/48364633_2051229728269128_2048214751787352064_n-768x576.jpg 768w, https:\/\/musique-sacree-aix.fr\/wp-content\/uploads\/2021\/06\/48364633_2051229728269128_2048214751787352064_n-1536x1152.jpg 1536w, https:\/\/musique-sacree-aix.fr\/wp-content\/uploads\/2021\/06\/48364633_2051229728269128_2048214751787352064_n.jpg 1944w\" sizes=\"(max-width: 1024px) 100vw, 1024px\" \/><\/figure><div class=\"wp-block-media-text__content\">\n<p class=\"has-white-color has-text-color has-large-font-size\"><strong>Oratorios de No\u00ebl<\/strong><\/p>\n\n\n\n<p><strong>Ch\u0153urs et Orchestre<\/strong><br>Bach et  Saint-Sa\u00ebns<\/p>\n\n\n\n<p><strong>12 D\u00e9cembre 2021 \u00e0 17h <\/strong><br>Cath\u00e9drale d&rsquo;Aix-en-Provence<\/p>\n\n\n\n<p><a href=\"https:\/\/musique-sacree-aix.fr\/index.php\/2021\/12\/15\/retro-oratorio-de-noel\/\" target=\"_blank\" rel=\"noreferrer noopener\">Plus d&rsquo;informations<\/a><\/p>\n<\/div><\/div>\n\n\n\n<div class=\"wp-block-media-text alignwide is-stacked-on-mobile\"><figure class=\"wp-block-media-text__media\"><img loading=\"lazy\" width=\"1024\" height=\"1010\" src=\"https:\/\/musique-sacree-aix.fr\/wp-content\/uploads\/2021\/10\/023-1024x1010.jpeg\" alt=\"\" class=\"wp-image-520 size-full\" srcset=\"https:\/\/musique-sacree-aix.fr\/wp-content\/uploads\/2021\/10\/023-1024x1010.jpeg 1024w, https:\/\/musique-sacree-aix.fr\/wp-content\/uploads\/2021\/10\/023-300x296.jpeg 300w, https:\/\/musique-sacree-aix.fr\/wp-content\/uploads\/2021\/10\/023-768x758.jpeg 768w, https:\/\/musique-sacree-aix.fr\/wp-content\/uploads\/2021\/10\/023-1536x1515.jpeg 1536w, https:\/\/musique-sacree-aix.fr\/wp-content\/uploads\/2021\/10\/023-2048x2021.jpeg 2048w\" sizes=\"(max-width: 1024px) 100vw, 1024px\" \/><\/figure><div class=\"wp-block-media-text__content\">\n<p class=\"has-white-color has-text-color has-large-font-size\"><strong>Pierre QUEVAL<\/strong><\/p>\n\n\n\n<p>R\u00e9cital d&rsquo;Orgue<\/p>\n\n\n\n<p><strong>16 Janvier 2022 \u00e0 17h00<\/strong>  <br>Cath\u00e9drale d&rsquo;Aix-en-Provence<\/p>\n\n\n\n<p><a href=\"https:\/\/musique-sacree-aix.fr\/index.php\/2022\/01\/02\/concert-epiphanie-pierre-queval\/\" target=\"_blank\" rel=\"noreferrer noopener\">Plus d&rsquo;informations <\/a><\/p>\n<\/div><\/div>\n\n\n\n<div class=\"wp-block-media-text alignwide has-media-on-the-right is-stacked-on-mobile\"><figure class=\"wp-block-media-text__media\"><img loading=\"lazy\" width=\"502\" height=\"463\" src=\"https:\/\/musique-sacree-aix.fr\/wp-content\/uploads\/2021\/10\/82d52d55_6ab2e7.jpg\" alt=\"\" class=\"wp-image-525 size-full\" srcset=\"https:\/\/musique-sacree-aix.fr\/wp-content\/uploads\/2021\/10\/82d52d55_6ab2e7.jpg 502w, https:\/\/musique-sacree-aix.fr\/wp-content\/uploads\/2021\/10\/82d52d55_6ab2e7-300x277.jpg 300w\" sizes=\"(max-width: 502px) 100vw, 502px\" \/><\/figure><div class=\"wp-block-media-text__content\">\n<p class=\"has-white-color has-text-color has-large-font-size\"><strong>Tambourins et Orgue<\/strong><\/p>\n\n\n\n<p><strong>Solistes de l&rsquo;acad\u00e9mie du Tambourin<\/strong><br>Dir. Maurice GUIS et Gr\u00e9goire ROLLAND \u00e0 l&rsquo;orgue<br><\/p>\n\n\n\n<p><strong>6 F\u00e9vrier 2022 \u00e0 17h <\/strong><br>Cath\u00e9drale d&rsquo;Aix-en-Provence<\/p>\n\n\n\n<p><a href=\"https:\/\/musique-sacree-aix.fr\/index.php\/2022\/02\/05\/tambourins-et-orgue\/\" target=\"_blank\" rel=\"noreferrer noopener\">Plus d&rsquo;informations<\/a><\/p>\n<\/div><\/div>\n\n\n\n<div class=\"wp-block-media-text alignwide is-stacked-on-mobile\"><figure class=\"wp-block-media-text__media\"><img loading=\"lazy\" width=\"1024\" height=\"678\" src=\"https:\/\/musique-sacree-aix.fr\/wp-content\/uploads\/2021\/10\/piano-gabddd8f93_1920-1024x678.jpg\" alt=\"\" class=\"wp-image-528 size-full\" srcset=\"https:\/\/musique-sacree-aix.fr\/wp-content\/uploads\/2021\/10\/piano-gabddd8f93_1920-1024x678.jpg 1024w, https:\/\/musique-sacree-aix.fr\/wp-content\/uploads\/2021\/10\/piano-gabddd8f93_1920-300x199.jpg 300w, https:\/\/musique-sacree-aix.fr\/wp-content\/uploads\/2021\/10\/piano-gabddd8f93_1920-768x508.jpg 768w, https:\/\/musique-sacree-aix.fr\/wp-content\/uploads\/2021\/10\/piano-gabddd8f93_1920-1536x1017.jpg 1536w, https:\/\/musique-sacree-aix.fr\/wp-content\/uploads\/2021\/10\/piano-gabddd8f93_1920.jpg 1920w\" sizes=\"(max-width: 1024px) 100vw, 1024px\" \/><\/figure><div class=\"wp-block-media-text__content\">\n<p class=\"has-white-color has-text-color has-large-font-size\"><strong>Via Crucis F. LISZT<\/strong><\/p>\n\n\n\n<p><strong>Moya YU<\/strong> &#8211; Piano<br>Ens. vocal de la Cath\u00e9drale Dir. <strong>Luc DELPECH<\/strong><\/p>\n\n\n\n<p><strong>20 Mars 2022 \u00e0 17h00<\/strong>  <br>Cath\u00e9drale d&rsquo;Aix-en-Provence<\/p>\n\n\n\n<p><a href=\"https:\/\/musique-sacree-aix.fr\/index.php\/2022\/03\/17\/liszt-via-crucis\/\" target=\"_blank\" rel=\"noreferrer noopener\">Plus d&rsquo;informations<\/a><\/p>\n<\/div><\/div>\n\n\n\n<div class=\"wp-block-media-text alignwide has-media-on-the-right is-stacked-on-mobile\"><figure class=\"wp-block-media-text__media\"><img loading=\"lazy\" width=\"667\" height=\"603\" src=\"https:\/\/musique-sacree-aix.fr\/wp-content\/uploads\/2021\/10\/Sans-titre-1.jpg\" alt=\"\" class=\"wp-image-532 size-full\" srcset=\"https:\/\/musique-sacree-aix.fr\/wp-content\/uploads\/2021\/10\/Sans-titre-1.jpg 667w, https:\/\/musique-sacree-aix.fr\/wp-content\/uploads\/2021\/10\/Sans-titre-1-300x271.jpg 300w\" sizes=\"(max-width: 667px) 100vw, 667px\" \/><\/figure><div class=\"wp-block-media-text__content\">\n<p class=\"has-white-color has-text-color has-large-font-size\"><strong>Messie de HAENDEL<\/strong><\/p>\n\n\n\n<p><strong>Ch\u0153urs et Orchestre<\/strong><br>Extraits du Messie de G.F. Haendel<br><br><strong>24 Avril 2022 \u00e0 17h <\/strong><br>Cath\u00e9drale d&rsquo;Aix-en-Provence<\/p>\n\n\n\n<p>Plus d&rsquo;informations \u00e0 venir<\/p>\n<\/div><\/div>\n\n\n\n<div class=\"wp-block-media-text alignwide is-stacked-on-mobile\"><figure class=\"wp-block-media-text__media\"><img loading=\"lazy\" width=\"213\" height=\"209\" src=\"https:\/\/musique-sacree-aix.fr\/wp-content\/uploads\/2021\/10\/thumbnail_1b.png\" alt=\"\" class=\"wp-image-539 size-full\"\/><\/figure><div class=\"wp-block-media-text__content\">\n<p class=\"has-white-color has-text-color has-large-font-size\"><strong>Orgue et r\u00e9citant<\/strong><\/p>\n\n\n\n<p><strong>Elisabeth DUQUESNE<\/strong> &#8211; R\u00e9citant<br><strong>Gr\u00e9goire ROLLAND<\/strong> &#8211; ORGUE <\/p>\n\n\n\n<p><strong>22 Mai 2022 \u00e0 17h00<\/strong>  <br>Cath\u00e9drale d&rsquo;Aix-en-Provence<\/p>\n\n\n\n<p>Plus d&rsquo;informations \u00e0 venir<\/p>\n<\/div><\/div>\n\n\n\n<div class=\"wp-block-media-text alignwide has-media-on-the-right is-stacked-on-mobile\"><figure class=\"wp-block-media-text__media\"><img loading=\"lazy\" width=\"640\" height=\"426\" src=\"https:\/\/musique-sacree-aix.fr\/wp-content\/uploads\/2021\/10\/2.jpg\" alt=\"\" class=\"wp-image-557 size-full\" srcset=\"https:\/\/musique-sacree-aix.fr\/wp-content\/uploads\/2021\/10\/2.jpg 640w, https:\/\/musique-sacree-aix.fr\/wp-content\/uploads\/2021\/10\/2-300x200.jpg 300w\" sizes=\"(max-width: 640px) 100vw, 640px\" \/><\/figure><div class=\"wp-block-media-text__content\">\n<p class=\"has-white-color has-text-color has-large-font-size\"><strong><strong><strong>Pascal MARSAULT<\/strong><\/strong><\/strong><\/p>\n\n\n\n<p>R\u00e9cital d&rsquo;Orgue<br><br><strong>12 Juin 2022 \u00e0 17h <\/strong><br>Cath\u00e9drale d&rsquo;Aix-en-Provence<\/p>\n\n\n\n<p><a href=\"https:\/\/musique-sacree-aix.fr\/index.php\/2022\/06\/09\/concert-dorgue-pascal-marsault\/\" target=\"_blank\" rel=\"noreferrer noopener\">Plus d&rsquo;informations<\/a><\/p>\n<\/div><\/div>\n\n\n\n<div class=\"wp-block-media-text alignwide is-stacked-on-mobile\" style=\"grid-template-columns:54% auto\"><figure class=\"wp-block-media-text__media\"><img loading=\"lazy\" width=\"1024\" height=\"683\" src=\"https:\/\/musique-sacree-aix.fr\/wp-content\/uploads\/2022\/06\/d9b5ad_21fa33cfa8d04ca191aeaeaa1389e881mv2_d_3888_2592_s_4_2-1024x683.jpg\" alt=\"\" class=\"wp-image-762 size-full\" srcset=\"https:\/\/musique-sacree-aix.fr\/wp-content\/uploads\/2022\/06\/d9b5ad_21fa33cfa8d04ca191aeaeaa1389e881mv2_d_3888_2592_s_4_2-1024x683.jpg 1024w, https:\/\/musique-sacree-aix.fr\/wp-content\/uploads\/2022\/06\/d9b5ad_21fa33cfa8d04ca191aeaeaa1389e881mv2_d_3888_2592_s_4_2-300x200.jpg 300w, https:\/\/musique-sacree-aix.fr\/wp-content\/uploads\/2022\/06\/d9b5ad_21fa33cfa8d04ca191aeaeaa1389e881mv2_d_3888_2592_s_4_2-768x512.jpg 768w, https:\/\/musique-sacree-aix.fr\/wp-content\/uploads\/2022\/06\/d9b5ad_21fa33cfa8d04ca191aeaeaa1389e881mv2_d_3888_2592_s_4_2.jpg 1089w\" sizes=\"(max-width: 1024px) 100vw, 1024px\" \/><\/figure><div class=\"wp-block-media-text__content\">\n<p class=\"has-white-color has-text-color has-large-font-size\"><strong><strong><strong>Concert de cl\u00f4ture <\/strong><\/strong><\/strong><\/p>\n\n\n\n<p><strong><strong>Orgue et Quatuor de cuivres<\/strong><\/strong><br><br><strong>2 Juillet 2022 \u00e0 21h <\/strong><br>Cath\u00e9drale d&rsquo;Aix-en-Provence<\/p>\n\n\n\n<p><a href=\"https:\/\/www.helloasso.com\/associations\/musique-sacree-a-la-cathedrale-d-aix-en-provence\/evenements\/ad-libitum-brass-5-minus-1\">Plus d&rsquo;informations<\/a><\/p>\n<\/div><\/div>\n","protected":false},"excerpt":{"rendered":"<p>\u00c9v\u00e8nements pass\u00e9s : Trompette et Orgue Jean-Christophe GIRAULT &#8211; TrompetteGr\u00e9goire ROLLAND &#8211; Orgue 10 Octobre 2021 \u00e0 17h00 Cath\u00e9drale d&rsquo;Aix-en-Provence Plus d&rsquo;informations Orgue et Clarinette Arnaud MARTIN et Gr\u00e9goire ROLLAND 21 Novembre 2021 \u00e0 17h00 Cath\u00e9drale d&rsquo;Aix-en-Provence Plus d&rsquo;informations Oratorios de No\u00ebl Ch\u0153urs et OrchestreBach et Saint-Sa\u00ebns 12 D\u00e9cembre 2021 \u00e0 17h Cath\u00e9drale d&rsquo;Aix-en-Provence Plus &hellip; <\/p>\n","protected":false},"author":1,"featured_media":271,"parent":0,"menu_order":0,"comment_status":"closed","ping_status":"closed","template":"","meta":{"spay_email":""},"yoast_head":"<!-- This site is optimized with the Yoast SEO plugin v17.9 - https:\/\/yoast.com\/wordpress\/plugins\/seo\/ -->\n<title>Programmation 2021-2022 - Musique Sacr\u00e9e<\/title>\n<meta name=\"robots\" content=\"index, follow, max-snippet:-1, max-image-preview:large, max-video-preview:-1\" \/>\n<link rel=\"canonical\" href=\"https:\/\/musique-sacree-aix.fr\/index.php\/programmation\/\" \/>\n<meta property=\"og:locale\" content=\"fr_FR\" \/>\n<meta property=\"og:type\" content=\"article\" \/>\n<meta property=\"og:title\" content=\"Programmation 2021-2022 - Musique Sacr\u00e9e\" \/>\n<meta property=\"og:description\" content=\"\u00c9v\u00e8nements pass\u00e9s : Trompette et Orgue Jean-Christophe GIRAULT &#8211; TrompetteGr\u00e9goire ROLLAND &#8211; Orgue 10 Octobre 2021 \u00e0 17h00 Cath\u00e9drale d&rsquo;Aix-en-Provence Plus d&rsquo;informations Orgue et Clarinette Arnaud MARTIN et Gr\u00e9goire ROLLAND 21 Novembre 2021 \u00e0 17h00 Cath\u00e9drale d&rsquo;Aix-en-Provence Plus d&rsquo;informations Oratorios de No\u00ebl Ch\u0153urs et OrchestreBach et Saint-Sa\u00ebns 12 D\u00e9cembre 2021 \u00e0 17h Cath\u00e9drale d&rsquo;Aix-en-Provence Plus &hellip;\" \/>\n<meta property=\"og:url\" content=\"https:\/\/musique-sacree-aix.fr\/index.php\/programmation\/\" \/>\n<meta property=\"og:site_name\" content=\"Musique Sacr\u00e9e\" \/>\n<meta property=\"article:publisher\" content=\"https:\/\/www.facebook.com\/musiquesacree.cathedraleaix\/\" \/>\n<meta property=\"article:modified_time\" content=\"2022-09-11T15:27:48+00:00\" \/>\n<meta property=\"og:image\" content=\"https:\/\/musique-sacree-aix.fr\/wp-content\/uploads\/2020\/12\/archives1.jpg\" \/>\n\t<meta property=\"og:image:width\" content=\"1920\" \/>\n\t<meta property=\"og:image:height\" content=\"1280\" \/>\n\t<meta property=\"og:image:type\" content=\"image\/jpeg\" \/>\n<meta name=\"twitter:card\" content=\"summary_large_image\" \/>\n<meta name=\"twitter:label1\" content=\"Dur\u00e9e de lecture estim\u00e9e\" \/>\n\t<meta name=\"twitter:data1\" content=\"3 minutes\" \/>\n<script type=\"application\/ld+json\" class=\"yoast-schema-graph\">{\"@context\":\"https:\/\/schema.org\",\"@graph\":[{\"@type\":\"Organization\",\"@id\":\"https:\/\/musique-sacree-aix.fr\/#organization\",\"name\":\"Musique Sacr\\u00e9e \\u00e0 la Cath\\u00e9drale d'Aix-en-Provence\",\"url\":\"https:\/\/musique-sacree-aix.fr\/\",\"sameAs\":[\"https:\/\/www.facebook.com\/musiquesacree.cathedraleaix\/\",\"https:\/\/www.youtube.com\/channel\/UC6PTCinXrlV6yM0dU4YTBww\"],\"logo\":{\"@type\":\"ImageObject\",\"@id\":\"https:\/\/musique-sacree-aix.fr\/#logo\",\"inLanguage\":\"fr-FR\",\"url\":\"https:\/\/musique-sacree-aix.fr\/wp-content\/uploads\/2020\/09\/HD-Logo-MSCA-couleur.png\",\"contentUrl\":\"https:\/\/musique-sacree-aix.fr\/wp-content\/uploads\/2020\/09\/HD-Logo-MSCA-couleur.png\",\"width\":2362,\"height\":2362,\"caption\":\"Musique Sacr\\u00e9e \\u00e0 la Cath\\u00e9drale d'Aix-en-Provence\"},\"image\":{\"@id\":\"https:\/\/musique-sacree-aix.fr\/#logo\"}},{\"@type\":\"WebSite\",\"@id\":\"https:\/\/musique-sacree-aix.fr\/#website\",\"url\":\"https:\/\/musique-sacree-aix.fr\/\",\"name\":\"Musique Sacr\\u00e9e Aix\",\"description\":\"\\u00e0 la Cath\\u00e9drale dAix-en-Provence\",\"publisher\":{\"@id\":\"https:\/\/musique-sacree-aix.fr\/#organization\"},\"potentialAction\":[{\"@type\":\"SearchAction\",\"target\":{\"@type\":\"EntryPoint\",\"urlTemplate\":\"https:\/\/musique-sacree-aix.fr\/?s={search_term_string}\"},\"query-input\":\"required name=search_term_string\"}],\"inLanguage\":\"fr-FR\"},{\"@type\":\"ImageObject\",\"@id\":\"https:\/\/musique-sacree-aix.fr\/index.php\/programmation\/#primaryimage\",\"inLanguage\":\"fr-FR\",\"url\":\"https:\/\/musique-sacree-aix.fr\/wp-content\/uploads\/2020\/12\/archives1.jpg\",\"contentUrl\":\"https:\/\/musique-sacree-aix.fr\/wp-content\/uploads\/2020\/12\/archives1.jpg\",\"width\":1920,\"height\":1280},{\"@type\":\"WebPage\",\"@id\":\"https:\/\/musique-sacree-aix.fr\/index.php\/programmation\/#webpage\",\"url\":\"https:\/\/musique-sacree-aix.fr\/index.php\/programmation\/\",\"name\":\"Programmation 2021-2022 - Musique Sacr\\u00e9e\",\"isPartOf\":{\"@id\":\"https:\/\/musique-sacree-aix.fr\/#website\"},\"primaryImageOfPage\":{\"@id\":\"https:\/\/musique-sacree-aix.fr\/index.php\/programmation\/#primaryimage\"},\"datePublished\":\"2020-10-07T09:32:57+00:00\",\"dateModified\":\"2022-09-11T15:27:48+00:00\",\"breadcrumb\":{\"@id\":\"https:\/\/musique-sacree-aix.fr\/index.php\/programmation\/#breadcrumb\"},\"inLanguage\":\"fr-FR\",\"potentialAction\":[{\"@type\":\"ReadAction\",\"target\":[\"https:\/\/musique-sacree-aix.fr\/index.php\/programmation\/\"]}]},{\"@type\":\"BreadcrumbList\",\"@id\":\"https:\/\/musique-sacree-aix.fr\/index.php\/programmation\/#breadcrumb\",\"itemListElement\":[{\"@type\":\"ListItem\",\"position\":1,\"name\":\"Accueil\",\"item\":\"https:\/\/musique-sacree-aix.fr\/\"},{\"@type\":\"ListItem\",\"position\":2,\"name\":\"Programmation 2021-2022\"}]}]}<\/script>\n<!-- \/ Yoast SEO plugin. -->","yoast_head_json":{"title":"Programmation 2021-2022 - Musique Sacr\u00e9e","robots":{"index":"index","follow":"follow","max-snippet":"max-snippet:-1","max-image-preview":"max-image-preview:large","max-video-preview":"max-video-preview:-1"},"canonical":"https:\/\/musique-sacree-aix.fr\/index.php\/programmation\/","og_locale":"fr_FR","og_type":"article","og_title":"Programmation 2021-2022 - Musique Sacr\u00e9e","og_description":"\u00c9v\u00e8nements pass\u00e9s : Trompette et Orgue Jean-Christophe GIRAULT &#8211; TrompetteGr\u00e9goire ROLLAND &#8211; Orgue 10 Octobre 2021 \u00e0 17h00 Cath\u00e9drale d&rsquo;Aix-en-Provence Plus d&rsquo;informations Orgue et Clarinette Arnaud MARTIN et Gr\u00e9goire ROLLAND 21 Novembre 2021 \u00e0 17h00 Cath\u00e9drale d&rsquo;Aix-en-Provence Plus d&rsquo;informations Oratorios de No\u00ebl Ch\u0153urs et OrchestreBach et Saint-Sa\u00ebns 12 D\u00e9cembre 2021 \u00e0 17h Cath\u00e9drale d&rsquo;Aix-en-Provence Plus &hellip;","og_url":"https:\/\/musique-sacree-aix.fr\/index.php\/programmation\/","og_site_name":"Musique Sacr\u00e9e","article_publisher":"https:\/\/www.facebook.com\/musiquesacree.cathedraleaix\/","article_modified_time":"2022-09-11T15:27:48+00:00","og_image":[{"width":1920,"height":1280,"url":"https:\/\/musique-sacree-aix.fr\/wp-content\/uploads\/2020\/12\/archives1.jpg","type":"image\/jpeg"}],"twitter_card":"summary_large_image","twitter_misc":{"Dur\u00e9e de lecture estim\u00e9e":"3 minutes"},"schema":{"@context":"https:\/\/schema.org","@graph":[{"@type":"Organization","@id":"https:\/\/musique-sacree-aix.fr\/#organization","name":"Musique Sacr\u00e9e \u00e0 la Cath\u00e9drale d'Aix-en-Provence","url":"https:\/\/musique-sacree-aix.fr\/","sameAs":["https:\/\/www.facebook.com\/musiquesacree.cathedraleaix\/","https:\/\/www.youtube.com\/channel\/UC6PTCinXrlV6yM0dU4YTBww"],"logo":{"@type":"ImageObject","@id":"https:\/\/musique-sacree-aix.fr\/#logo","inLanguage":"fr-FR","url":"https:\/\/musique-sacree-aix.fr\/wp-content\/uploads\/2020\/09\/HD-Logo-MSCA-couleur.png","contentUrl":"https:\/\/musique-sacree-aix.fr\/wp-content\/uploads\/2020\/09\/HD-Logo-MSCA-couleur.png","width":2362,"height":2362,"caption":"Musique Sacr\u00e9e \u00e0 la Cath\u00e9drale d'Aix-en-Provence"},"image":{"@id":"https:\/\/musique-sacree-aix.fr\/#logo"}},{"@type":"WebSite","@id":"https:\/\/musique-sacree-aix.fr\/#website","url":"https:\/\/musique-sacree-aix.fr\/","name":"Musique Sacr\u00e9e Aix","description":"\u00e0 la Cath\u00e9drale dAix-en-Provence","publisher":{"@id":"https:\/\/musique-sacree-aix.fr\/#organization"},"potentialAction":[{"@type":"SearchAction","target":{"@type":"EntryPoint","urlTemplate":"https:\/\/musique-sacree-aix.fr\/?s={search_term_string}"},"query-input":"required name=search_term_string"}],"inLanguage":"fr-FR"},{"@type":"ImageObject","@id":"https:\/\/musique-sacree-aix.fr\/index.php\/programmation\/#primaryimage","inLanguage":"fr-FR","url":"https:\/\/musique-sacree-aix.fr\/wp-content\/uploads\/2020\/12\/archives1.jpg","contentUrl":"https:\/\/musique-sacree-aix.fr\/wp-content\/uploads\/2020\/12\/archives1.jpg","width":1920,"height":1280},{"@type":"WebPage","@id":"https:\/\/musique-sacree-aix.fr\/index.php\/programmation\/#webpage","url":"https:\/\/musique-sacree-aix.fr\/index.php\/programmation\/","name":"Programmation 2021-2022 - Musique Sacr\u00e9e","isPartOf":{"@id":"https:\/\/musique-sacree-aix.fr\/#website"},"primaryImageOfPage":{"@id":"https:\/\/musique-sacree-aix.fr\/index.php\/programmation\/#primaryimage"},"datePublished":"2020-10-07T09:32:57+00:00","dateModified":"2022-09-11T15:27:48+00:00","breadcrumb":{"@id":"https:\/\/musique-sacree-aix.fr\/index.php\/programmation\/#breadcrumb"},"inLanguage":"fr-FR","potentialAction":[{"@type":"ReadAction","target":["https:\/\/musique-sacree-aix.fr\/index.php\/programmation\/"]}]},{"@type":"BreadcrumbList","@id":"https:\/\/musique-sacree-aix.fr\/index.php\/programmation\/#breadcrumb","itemListElement":[{"@type":"ListItem","position":1,"name":"Accueil","item":"https:\/\/musique-sacree-aix.fr\/"},{"@type":"ListItem","position":2,"name":"Programmation 2021-2022"}]}]}},"jetpack_sharing_enabled":true,"_links":{"self":[{"href":"https:\/\/musique-sacree-aix.fr\/index.php\/wp-json\/wp\/v2\/pages\/51"}],"collection":[{"href":"https:\/\/musique-sacree-aix.fr\/index.php\/wp-json\/wp\/v2\/pages"}],"about":[{"href":"https:\/\/musique-sacree-aix.fr\/index.php\/wp-json\/wp\/v2\/types\/page"}],"author":[{"embeddable":true,"href":"https:\/\/musique-sacree-aix.fr\/index.php\/wp-json\/wp\/v2\/users\/1"}],"replies":[{"embeddable":true,"href":"https:\/\/musique-sacree-aix.fr\/index.php\/wp-json\/wp\/v2\/comments?post=51"}],"version-history":[{"count":57,"href":"https:\/\/musique-sacree-aix.fr\/index.php\/wp-json\/wp\/v2\/pages\/51\/revisions"}],"predecessor-version":[{"id":846,"href":"https:\/\/musique-sacree-aix.fr\/index.php\/wp-json\/wp\/v2\/pages\/51\/revisions\/846"}],"wp:featuredmedia":[{"embeddable":true,"href":"https:\/\/musique-sacree-aix.fr\/index.php\/wp-json\/wp\/v2\/media\/271"}],"wp:attachment":[{"href":"https:\/\/musique-sacree-aix.fr\/index.php\/wp-json\/wp\/v2\/media?parent=51"}],"curies":[{"name":"wp","href":"https:\/\/api.w.org\/{rel}","templated":true}]}}