{"id":39,"date":"2020-10-07T10:40:53","date_gmt":"2020-10-07T08:40:53","guid":{"rendered":"http:\/\/musique-sacree-aix.fr\/?page_id=39"},"modified":"2023-10-08T22:08:05","modified_gmt":"2023-10-08T20:08:05","slug":"discographie","status":"publish","type":"page","link":"https:\/\/musique-sacree-aix.fr\/index.php\/discographie\/","title":{"rendered":"Discographie"},"content":{"rendered":"\n<div class=\"wp-block-media-text alignwide\"><figure class=\"wp-block-media-text__media\"><a href=\"https:\/\/www.editionshortus.com\/catalogue_fiche.php?prod_id=268\"><img loading=\"lazy\" width=\"960\" height=\"862\" src=\"https:\/\/musique-sacree-aix.fr\/wp-content\/uploads\/2020\/10\/117319214_3108416062612530_378210306047408386_n.jpg\" alt=\"\" class=\"wp-image-45 size-full\" srcset=\"https:\/\/musique-sacree-aix.fr\/wp-content\/uploads\/2020\/10\/117319214_3108416062612530_378210306047408386_n.jpg 960w, https:\/\/musique-sacree-aix.fr\/wp-content\/uploads\/2020\/10\/117319214_3108416062612530_378210306047408386_n-300x269.jpg 300w, https:\/\/musique-sacree-aix.fr\/wp-content\/uploads\/2020\/10\/117319214_3108416062612530_378210306047408386_n-768x690.jpg 768w\" sizes=\"(max-width: 960px) 100vw, 960px\" \/><\/a><\/figure><div class=\"wp-block-media-text__content\">\n<p class=\"has-large-font-size\">Les sacrements<\/p>\n\n\n\n<p>Gr\u00e9goire ROLLAND <\/p>\n\n\n\n<p>Choeur Gr\u00e9gorien de la Cath\u00e9drale<\/p>\n\n\n\n<p><a href=\"https:\/\/www.editionshortus.com\/catalogue_fiche.php?prod_id=268\" target=\"_blank\" rel=\"noreferrer noopener\">Acheter l&rsquo;album<\/a><\/p>\n<\/div><\/div>\n\n\n\n<hr class=\"wp-block-separator\"\/>\n\n\n\n<div class=\"wp-block-media-text alignwide is-stacked-on-mobile\"><figure class=\"wp-block-media-text__media\"><a href=\"https:\/\/musique-sacree-aix.fr\/index.php\/rejouis-toi\/\"><img loading=\"lazy\" width=\"369\" height=\"363\" src=\"https:\/\/musique-sacree-aix.fr\/wp-content\/uploads\/2020\/12\/Diapositive1-Copie.jpg\" alt=\"\" class=\"wp-image-136 size-full\" srcset=\"https:\/\/musique-sacree-aix.fr\/wp-content\/uploads\/2020\/12\/Diapositive1-Copie.jpg 369w, https:\/\/musique-sacree-aix.fr\/wp-content\/uploads\/2020\/12\/Diapositive1-Copie-300x295.jpg 300w\" sizes=\"(max-width: 369px) 100vw, 369px\" \/><\/a><\/figure><div class=\"wp-block-media-text__content\">\n<p class=\"has-large-font-size\">R\u00e9jouis-toi<\/p>\n\n\n\n<p>Chants \u00e0 Marie<\/p>\n\n\n\n<p>Ensemble Anastasis<\/p>\n\n\n\n<p><a href=\"https:\/\/musique-sacree-aix.fr\/index.php\/rejouis-toi\/\" target=\"_blank\" rel=\"noreferrer noopener\">Acheter l&rsquo;album<\/a><\/p>\n<\/div><\/div>\n\n\n\n<hr class=\"wp-block-separator\"\/>\n\n\n\n<div class=\"wp-block-media-text alignwide is-stacked-on-mobile\" style=\"grid-template-columns:49% auto\"><figure class=\"wp-block-media-text__media\"><img loading=\"lazy\" width=\"1024\" height=\"683\" src=\"https:\/\/musique-sacree-aix.fr\/wp-content\/uploads\/2023\/10\/IMG_1345.1-1024x683.jpg\" alt=\"\" class=\"wp-image-1026 size-full\" srcset=\"https:\/\/musique-sacree-aix.fr\/wp-content\/uploads\/2023\/10\/IMG_1345.1-1024x683.jpg 1024w, https:\/\/musique-sacree-aix.fr\/wp-content\/uploads\/2023\/10\/IMG_1345.1-300x200.jpg 300w, https:\/\/musique-sacree-aix.fr\/wp-content\/uploads\/2023\/10\/IMG_1345.1-768x512.jpg 768w, https:\/\/musique-sacree-aix.fr\/wp-content\/uploads\/2023\/10\/IMG_1345.1-1536x1024.jpg 1536w, https:\/\/musique-sacree-aix.fr\/wp-content\/uploads\/2023\/10\/IMG_1345.1-2048x1365.jpg 2048w\" sizes=\"(max-width: 1024px) 100vw, 1024px\" \/><\/figure><div class=\"wp-block-media-text__content\">\n<p class=\"has-large-font-size\">Prochainement : <\/p>\n\n\n\n<p><strong>Listz &#8211; Via Crucis <\/strong><br>Choeur et Piano<br>Dir Luc DELPECH &#8211; Piano Moya YU<\/p>\n<\/div><\/div>\n","protected":false},"excerpt":{"rendered":"<p>Les sacrements Gr\u00e9goire ROLLAND Choeur Gr\u00e9gorien de la Cath\u00e9drale Acheter l&rsquo;album R\u00e9jouis-toi Chants \u00e0 Marie Ensemble Anastasis Acheter l&rsquo;album Prochainement : Listz &#8211; Via Crucis Choeur et PianoDir Luc DELPECH &#8211; Piano Moya YU<\/p>\n","protected":false},"author":1,"featured_media":114,"parent":0,"menu_order":0,"comment_status":"closed","ping_status":"closed","template":"","meta":{"spay_email":""},"yoast_head":"<!-- This site is optimized with the Yoast SEO plugin v17.9 - https:\/\/yoast.com\/wordpress\/plugins\/seo\/ -->\n<title>Discographie - Musique Sacr\u00e9e<\/title>\n<meta name=\"robots\" content=\"index, follow, max-snippet:-1, max-image-preview:large, max-video-preview:-1\" \/>\n<link rel=\"canonical\" href=\"https:\/\/musique-sacree-aix.fr\/index.php\/discographie\/\" \/>\n<meta property=\"og:locale\" content=\"fr_FR\" \/>\n<meta property=\"og:type\" content=\"article\" \/>\n<meta property=\"og:title\" content=\"Discographie - Musique Sacr\u00e9e\" \/>\n<meta property=\"og:description\" content=\"Les sacrements Gr\u00e9goire ROLLAND Choeur Gr\u00e9gorien de la Cath\u00e9drale Acheter l&rsquo;album R\u00e9jouis-toi Chants \u00e0 Marie Ensemble Anastasis Acheter l&rsquo;album Prochainement : Listz &#8211; Via Crucis Choeur et PianoDir Luc DELPECH &#8211; Piano Moya YU\" \/>\n<meta property=\"og:url\" content=\"https:\/\/musique-sacree-aix.fr\/index.php\/discographie\/\" \/>\n<meta property=\"og:site_name\" content=\"Musique Sacr\u00e9e\" \/>\n<meta property=\"article:publisher\" content=\"https:\/\/www.facebook.com\/musiquesacree.cathedraleaix\/\" \/>\n<meta property=\"article:modified_time\" content=\"2023-10-08T20:08:05+00:00\" \/>\n<meta property=\"og:image\" content=\"https:\/\/musique-sacree-aix.fr\/wp-content\/uploads\/2020\/12\/mic-3035236_1920.jpg\" \/>\n\t<meta property=\"og:image:width\" content=\"1920\" \/>\n\t<meta property=\"og:image:height\" content=\"951\" \/>\n\t<meta property=\"og:image:type\" content=\"image\/jpeg\" \/>\n<meta name=\"twitter:card\" content=\"summary_large_image\" \/>\n<meta name=\"twitter:label1\" content=\"Dur\u00e9e de lecture estim\u00e9e\" \/>\n\t<meta name=\"twitter:data1\" content=\"1 minute\" \/>\n<script type=\"application\/ld+json\" class=\"yoast-schema-graph\">{\"@context\":\"https:\/\/schema.org\",\"@graph\":[{\"@type\":\"Organization\",\"@id\":\"https:\/\/musique-sacree-aix.fr\/#organization\",\"name\":\"Musique Sacr\\u00e9e \\u00e0 la Cath\\u00e9drale d'Aix-en-Provence\",\"url\":\"https:\/\/musique-sacree-aix.fr\/\",\"sameAs\":[\"https:\/\/www.facebook.com\/musiquesacree.cathedraleaix\/\",\"https:\/\/www.youtube.com\/channel\/UC6PTCinXrlV6yM0dU4YTBww\"],\"logo\":{\"@type\":\"ImageObject\",\"@id\":\"https:\/\/musique-sacree-aix.fr\/#logo\",\"inLanguage\":\"fr-FR\",\"url\":\"https:\/\/musique-sacree-aix.fr\/wp-content\/uploads\/2020\/09\/HD-Logo-MSCA-couleur.png\",\"contentUrl\":\"https:\/\/musique-sacree-aix.fr\/wp-content\/uploads\/2020\/09\/HD-Logo-MSCA-couleur.png\",\"width\":2362,\"height\":2362,\"caption\":\"Musique Sacr\\u00e9e \\u00e0 la Cath\\u00e9drale d'Aix-en-Provence\"},\"image\":{\"@id\":\"https:\/\/musique-sacree-aix.fr\/#logo\"}},{\"@type\":\"WebSite\",\"@id\":\"https:\/\/musique-sacree-aix.fr\/#website\",\"url\":\"https:\/\/musique-sacree-aix.fr\/\",\"name\":\"Musique Sacr\\u00e9e Aix\",\"description\":\"\\u00e0 la Cath\\u00e9drale dAix-en-Provence\",\"publisher\":{\"@id\":\"https:\/\/musique-sacree-aix.fr\/#organization\"},\"potentialAction\":[{\"@type\":\"SearchAction\",\"target\":{\"@type\":\"EntryPoint\",\"urlTemplate\":\"https:\/\/musique-sacree-aix.fr\/?s={search_term_string}\"},\"query-input\":\"required name=search_term_string\"}],\"inLanguage\":\"fr-FR\"},{\"@type\":\"ImageObject\",\"@id\":\"https:\/\/musique-sacree-aix.fr\/index.php\/discographie\/#primaryimage\",\"inLanguage\":\"fr-FR\",\"url\":\"https:\/\/musique-sacree-aix.fr\/wp-content\/uploads\/2020\/12\/mic-3035236_1920.jpg\",\"contentUrl\":\"https:\/\/musique-sacree-aix.fr\/wp-content\/uploads\/2020\/12\/mic-3035236_1920.jpg\",\"width\":1920,\"height\":951},{\"@type\":\"WebPage\",\"@id\":\"https:\/\/musique-sacree-aix.fr\/index.php\/discographie\/#webpage\",\"url\":\"https:\/\/musique-sacree-aix.fr\/index.php\/discographie\/\",\"name\":\"Discographie - Musique Sacr\\u00e9e\",\"isPartOf\":{\"@id\":\"https:\/\/musique-sacree-aix.fr\/#website\"},\"primaryImageOfPage\":{\"@id\":\"https:\/\/musique-sacree-aix.fr\/index.php\/discographie\/#primaryimage\"},\"datePublished\":\"2020-10-07T08:40:53+00:00\",\"dateModified\":\"2023-10-08T20:08:05+00:00\",\"breadcrumb\":{\"@id\":\"https:\/\/musique-sacree-aix.fr\/index.php\/discographie\/#breadcrumb\"},\"inLanguage\":\"fr-FR\",\"potentialAction\":[{\"@type\":\"ReadAction\",\"target\":[\"https:\/\/musique-sacree-aix.fr\/index.php\/discographie\/\"]}]},{\"@type\":\"BreadcrumbList\",\"@id\":\"https:\/\/musique-sacree-aix.fr\/index.php\/discographie\/#breadcrumb\",\"itemListElement\":[{\"@type\":\"ListItem\",\"position\":1,\"name\":\"Accueil\",\"item\":\"https:\/\/musique-sacree-aix.fr\/\"},{\"@type\":\"ListItem\",\"position\":2,\"name\":\"Discographie\"}]}]}<\/script>\n<!-- \/ Yoast SEO plugin. -->","yoast_head_json":{"title":"Discographie - Musique Sacr\u00e9e","robots":{"index":"index","follow":"follow","max-snippet":"max-snippet:-1","max-image-preview":"max-image-preview:large","max-video-preview":"max-video-preview:-1"},"canonical":"https:\/\/musique-sacree-aix.fr\/index.php\/discographie\/","og_locale":"fr_FR","og_type":"article","og_title":"Discographie - Musique Sacr\u00e9e","og_description":"Les sacrements Gr\u00e9goire ROLLAND Choeur Gr\u00e9gorien de la Cath\u00e9drale Acheter l&rsquo;album R\u00e9jouis-toi Chants \u00e0 Marie Ensemble Anastasis Acheter l&rsquo;album Prochainement : Listz &#8211; Via Crucis Choeur et PianoDir Luc DELPECH &#8211; Piano Moya YU","og_url":"https:\/\/musique-sacree-aix.fr\/index.php\/discographie\/","og_site_name":"Musique Sacr\u00e9e","article_publisher":"https:\/\/www.facebook.com\/musiquesacree.cathedraleaix\/","article_modified_time":"2023-10-08T20:08:05+00:00","og_image":[{"width":1920,"height":951,"url":"https:\/\/musique-sacree-aix.fr\/wp-content\/uploads\/2020\/12\/mic-3035236_1920.jpg","type":"image\/jpeg"}],"twitter_card":"summary_large_image","twitter_misc":{"Dur\u00e9e de lecture estim\u00e9e":"1 minute"},"schema":{"@context":"https:\/\/schema.org","@graph":[{"@type":"Organization","@id":"https:\/\/musique-sacree-aix.fr\/#organization","name":"Musique Sacr\u00e9e \u00e0 la Cath\u00e9drale d'Aix-en-Provence","url":"https:\/\/musique-sacree-aix.fr\/","sameAs":["https:\/\/www.facebook.com\/musiquesacree.cathedraleaix\/","https:\/\/www.youtube.com\/channel\/UC6PTCinXrlV6yM0dU4YTBww"],"logo":{"@type":"ImageObject","@id":"https:\/\/musique-sacree-aix.fr\/#logo","inLanguage":"fr-FR","url":"https:\/\/musique-sacree-aix.fr\/wp-content\/uploads\/2020\/09\/HD-Logo-MSCA-couleur.png","contentUrl":"https:\/\/musique-sacree-aix.fr\/wp-content\/uploads\/2020\/09\/HD-Logo-MSCA-couleur.png","width":2362,"height":2362,"caption":"Musique Sacr\u00e9e \u00e0 la Cath\u00e9drale d'Aix-en-Provence"},"image":{"@id":"https:\/\/musique-sacree-aix.fr\/#logo"}},{"@type":"WebSite","@id":"https:\/\/musique-sacree-aix.fr\/#website","url":"https:\/\/musique-sacree-aix.fr\/","name":"Musique Sacr\u00e9e Aix","description":"\u00e0 la Cath\u00e9drale dAix-en-Provence","publisher":{"@id":"https:\/\/musique-sacree-aix.fr\/#organization"},"potentialAction":[{"@type":"SearchAction","target":{"@type":"EntryPoint","urlTemplate":"https:\/\/musique-sacree-aix.fr\/?s={search_term_string}"},"query-input":"required name=search_term_string"}],"inLanguage":"fr-FR"},{"@type":"ImageObject","@id":"https:\/\/musique-sacree-aix.fr\/index.php\/discographie\/#primaryimage","inLanguage":"fr-FR","url":"https:\/\/musique-sacree-aix.fr\/wp-content\/uploads\/2020\/12\/mic-3035236_1920.jpg","contentUrl":"https:\/\/musique-sacree-aix.fr\/wp-content\/uploads\/2020\/12\/mic-3035236_1920.jpg","width":1920,"height":951},{"@type":"WebPage","@id":"https:\/\/musique-sacree-aix.fr\/index.php\/discographie\/#webpage","url":"https:\/\/musique-sacree-aix.fr\/index.php\/discographie\/","name":"Discographie - Musique Sacr\u00e9e","isPartOf":{"@id":"https:\/\/musique-sacree-aix.fr\/#website"},"primaryImageOfPage":{"@id":"https:\/\/musique-sacree-aix.fr\/index.php\/discographie\/#primaryimage"},"datePublished":"2020-10-07T08:40:53+00:00","dateModified":"2023-10-08T20:08:05+00:00","breadcrumb":{"@id":"https:\/\/musique-sacree-aix.fr\/index.php\/discographie\/#breadcrumb"},"inLanguage":"fr-FR","potentialAction":[{"@type":"ReadAction","target":["https:\/\/musique-sacree-aix.fr\/index.php\/discographie\/"]}]},{"@type":"BreadcrumbList","@id":"https:\/\/musique-sacree-aix.fr\/index.php\/discographie\/#breadcrumb","itemListElement":[{"@type":"ListItem","position":1,"name":"Accueil","item":"https:\/\/musique-sacree-aix.fr\/"},{"@type":"ListItem","position":2,"name":"Discographie"}]}]}},"jetpack_sharing_enabled":true,"_links":{"self":[{"href":"https:\/\/musique-sacree-aix.fr\/index.php\/wp-json\/wp\/v2\/pages\/39"}],"collection":[{"href":"https:\/\/musique-sacree-aix.fr\/index.php\/wp-json\/wp\/v2\/pages"}],"about":[{"href":"https:\/\/musique-sacree-aix.fr\/index.php\/wp-json\/wp\/v2\/types\/page"}],"author":[{"embeddable":true,"href":"https:\/\/musique-sacree-aix.fr\/index.php\/wp-json\/wp\/v2\/users\/1"}],"replies":[{"embeddable":true,"href":"https:\/\/musique-sacree-aix.fr\/index.php\/wp-json\/wp\/v2\/comments?post=39"}],"version-history":[{"count":12,"href":"https:\/\/musique-sacree-aix.fr\/index.php\/wp-json\/wp\/v2\/pages\/39\/revisions"}],"predecessor-version":[{"id":1027,"href":"https:\/\/musique-sacree-aix.fr\/index.php\/wp-json\/wp\/v2\/pages\/39\/revisions\/1027"}],"wp:featuredmedia":[{"embeddable":true,"href":"https:\/\/musique-sacree-aix.fr\/index.php\/wp-json\/wp\/v2\/media\/114"}],"wp:attachment":[{"href":"https:\/\/musique-sacree-aix.fr\/index.php\/wp-json\/wp\/v2\/media?parent=39"}],"curies":[{"name":"wp","href":"https:\/\/api.w.org\/{rel}","templated":true}]}}