{"id":343,"date":"2021-06-08T18:00:34","date_gmt":"2021-06-08T16:00:34","guid":{"rendered":"http:\/\/musique-sacree-aix.fr\/?page_id=343"},"modified":"2021-11-04T18:50:21","modified_gmt":"2021-11-04T17:50:21","slug":"qui-sommes-nous","status":"publish","type":"page","link":"https:\/\/musique-sacree-aix.fr\/index.php\/qui-sommes-nous\/","title":{"rendered":"Qui sommes-nous ?"},"content":{"rendered":"\n<p class=\"has-white-color has-text-color\"><strong>La Cr\u00e9ation<\/strong><\/p>\n\n\n\n<p>Cr\u00e9\u00e9e fin 2018, l\u2019Association Musique Sacr\u00e9e \u00e0 la Cath\u00e9drale d\u2019Aix-en-Provence a vu le jour afin de dynamiser l\u2019activit\u00e9 culturelle au sein de la Cath\u00e9drale Saint-Sauveur. Elle a pour missions&nbsp;:&nbsp;<\/p>\n\n\n\n<p>&#8211; La mise en valeur du patrimoine musical de la Cath\u00e9drale d&rsquo;Aix-en-Provence et de la musique sacr\u00e9e<\/p>\n\n\n\n<p>&#8211; La r\u00e9alisation de projets musicaux, et culturels, la diffusion des r\u00e9pertoires (m\u00e9di\u00e9val, renaissance, romantique, XX\u00e8me si\u00e8cle et contemporain), et genres musicaux (classique, sacr\u00e9, profane, op\u00e9ra et musique du monde), et la r\u00e9alisation de projets transversaux.<\/p>\n\n\n\n<p>&#8211; L&rsquo;\u00e9criture et la r\u00e9\u00e9criture de musique sacr\u00e9e.<\/p>\n\n\n\n<p>&#8211; L&rsquo;\u00e9ducation populaire et artistique des jeunes principalement par le chant choral ou toute autre activit\u00e9 musicale, ainsi que par tout autre moyen pour atteindre ce but.<\/p>\n\n\n\n<p>&#8211; La formation de chantres, choristes et instrumentistes.<\/p>\n\n\n\n<p><\/p>\n\n\n\n<p class=\"has-white-color has-text-color\"><strong>Les points-clef<\/strong><\/p>\n\n\n\n<p>Une dimension culturelle et artistique<\/p>\n\n\n\n<ul><li><strong>15 \u00e0 20 concerts<\/strong> tr\u00e8s vari\u00e9s programm\u00e9s chaque ann\u00e9e<\/li><li>des <strong>artistes de renomm\u00e9e internationale<\/strong><\/li><li>des <strong>cr\u00e9ations<\/strong> de compositeurs d&rsquo;aujourd&rsquo;hui<\/li><li>des actions de <strong>m\u00e9diation<\/strong>&nbsp;<\/li><li>des <strong>enregistrements<\/strong> discographiques<\/li><\/ul>\n\n\n\n<p>Une dimension patrimoniale<\/p>\n\n\n\n<ul><li>une r\u00e9elle mise en valeur de l&rsquo;<strong>orgue<\/strong> de la cath\u00e9drale class\u00e9 aux <strong>Monuments Historiques<\/strong><\/li><li>une red\u00e9couverte de la <strong>musique m\u00e9di\u00e9vale<\/strong> gr\u00e2ce au ch\u0153ur gr\u00e9gorien<\/li><li>une valorisation de la <strong>Cath\u00e9drale<\/strong> par la musique et par l&rsquo;art en g\u00e9n\u00e9ral<\/li><\/ul>\n\n\n\n<p>Une dimension sociale<\/p>\n\n\n\n<ul><li>la quasi-totalit\u00e9 des <strong>concerts gratuits<\/strong>, avec libre participation<\/li><li>quelques concerts \u00e0 billetterie avec une <strong>politique tarifaire<\/strong> tr\u00e8s int\u00e9ressante (15\u20ac plein tarif, 10\u20ac tarif r\u00e9duit, 5\u20ac pour les adh\u00e9rents, gratuit moins de 12 ans)<\/li><\/ul>\n\n\n\n<p>Une dimension \u00e9ducative<\/p>\n\n\n\n<ul><li>L&rsquo;apprentissage du chant aux enfants par la constitution du <strong>ch\u0153ur d&rsquo;enfants<\/strong>.<\/li><li>L&rsquo;apprentissage du chant aux adultes par le biais du <strong>cho\u0153ur gr\u00e9gorien<\/strong>, de l&rsquo;<strong>ensemble vocal<\/strong>, et du <strong>ch\u0153ur liturgique<\/strong><\/li><\/ul>\n","protected":false},"excerpt":{"rendered":"<p>La Cr\u00e9ation Cr\u00e9\u00e9e fin 2018, l\u2019Association Musique Sacr\u00e9e \u00e0 la Cath\u00e9drale d\u2019Aix-en-Provence a vu le jour afin de dynamiser l\u2019activit\u00e9 culturelle au sein de la Cath\u00e9drale Saint-Sauveur. Elle a pour missions&nbsp;:&nbsp; &#8211; La mise en valeur du patrimoine musical de la Cath\u00e9drale d&rsquo;Aix-en-Provence et de la musique sacr\u00e9e &#8211; La r\u00e9alisation de projets musicaux, et &hellip; <\/p>\n","protected":false},"author":1,"featured_media":118,"parent":0,"menu_order":0,"comment_status":"closed","ping_status":"closed","template":"","meta":{"spay_email":""},"yoast_head":"<!-- This site is optimized with the Yoast SEO plugin v17.9 - https:\/\/yoast.com\/wordpress\/plugins\/seo\/ -->\n<title>Qui sommes-nous ? - Musique Sacr\u00e9e<\/title>\n<meta name=\"robots\" content=\"index, follow, max-snippet:-1, max-image-preview:large, max-video-preview:-1\" \/>\n<link rel=\"canonical\" href=\"https:\/\/musique-sacree-aix.fr\/index.php\/qui-sommes-nous\/\" \/>\n<meta property=\"og:locale\" content=\"fr_FR\" \/>\n<meta property=\"og:type\" content=\"article\" \/>\n<meta property=\"og:title\" content=\"Qui sommes-nous ? - Musique Sacr\u00e9e\" \/>\n<meta property=\"og:description\" content=\"La Cr\u00e9ation Cr\u00e9\u00e9e fin 2018, l\u2019Association Musique Sacr\u00e9e \u00e0 la Cath\u00e9drale d\u2019Aix-en-Provence a vu le jour afin de dynamiser l\u2019activit\u00e9 culturelle au sein de la Cath\u00e9drale Saint-Sauveur. Elle a pour missions&nbsp;:&nbsp; &#8211; La mise en valeur du patrimoine musical de la Cath\u00e9drale d&rsquo;Aix-en-Provence et de la musique sacr\u00e9e &#8211; La r\u00e9alisation de projets musicaux, et &hellip;\" \/>\n<meta property=\"og:url\" content=\"https:\/\/musique-sacree-aix.fr\/index.php\/qui-sommes-nous\/\" \/>\n<meta property=\"og:site_name\" content=\"Musique Sacr\u00e9e\" \/>\n<meta property=\"article:publisher\" content=\"https:\/\/www.facebook.com\/musiquesacree.cathedraleaix\/\" \/>\n<meta property=\"article:modified_time\" content=\"2021-11-04T17:50:21+00:00\" \/>\n<meta property=\"og:image\" content=\"https:\/\/musique-sacree-aix.fr\/wp-content\/uploads\/2020\/09\/IMG_99992-Copie-scaled.jpg\" \/>\n\t<meta property=\"og:image:width\" content=\"2560\" \/>\n\t<meta property=\"og:image:height\" content=\"1367\" \/>\n\t<meta property=\"og:image:type\" content=\"image\/jpeg\" \/>\n<meta name=\"twitter:card\" content=\"summary_large_image\" \/>\n<meta name=\"twitter:label1\" content=\"Dur\u00e9e de lecture estim\u00e9e\" \/>\n\t<meta name=\"twitter:data1\" content=\"2 minutes\" \/>\n<script type=\"application\/ld+json\" class=\"yoast-schema-graph\">{\"@context\":\"https:\/\/schema.org\",\"@graph\":[{\"@type\":\"Organization\",\"@id\":\"https:\/\/musique-sacree-aix.fr\/#organization\",\"name\":\"Musique Sacr\\u00e9e \\u00e0 la Cath\\u00e9drale d'Aix-en-Provence\",\"url\":\"https:\/\/musique-sacree-aix.fr\/\",\"sameAs\":[\"https:\/\/www.facebook.com\/musiquesacree.cathedraleaix\/\",\"https:\/\/www.youtube.com\/channel\/UC6PTCinXrlV6yM0dU4YTBww\"],\"logo\":{\"@type\":\"ImageObject\",\"@id\":\"https:\/\/musique-sacree-aix.fr\/#logo\",\"inLanguage\":\"fr-FR\",\"url\":\"https:\/\/musique-sacree-aix.fr\/wp-content\/uploads\/2020\/09\/HD-Logo-MSCA-couleur.png\",\"contentUrl\":\"https:\/\/musique-sacree-aix.fr\/wp-content\/uploads\/2020\/09\/HD-Logo-MSCA-couleur.png\",\"width\":2362,\"height\":2362,\"caption\":\"Musique Sacr\\u00e9e \\u00e0 la Cath\\u00e9drale d'Aix-en-Provence\"},\"image\":{\"@id\":\"https:\/\/musique-sacree-aix.fr\/#logo\"}},{\"@type\":\"WebSite\",\"@id\":\"https:\/\/musique-sacree-aix.fr\/#website\",\"url\":\"https:\/\/musique-sacree-aix.fr\/\",\"name\":\"Musique Sacr\\u00e9e Aix\",\"description\":\"\\u00e0 la Cath\\u00e9drale dAix-en-Provence\",\"publisher\":{\"@id\":\"https:\/\/musique-sacree-aix.fr\/#organization\"},\"potentialAction\":[{\"@type\":\"SearchAction\",\"target\":{\"@type\":\"EntryPoint\",\"urlTemplate\":\"https:\/\/musique-sacree-aix.fr\/?s={search_term_string}\"},\"query-input\":\"required name=search_term_string\"}],\"inLanguage\":\"fr-FR\"},{\"@type\":\"ImageObject\",\"@id\":\"https:\/\/musique-sacree-aix.fr\/index.php\/qui-sommes-nous\/#primaryimage\",\"inLanguage\":\"fr-FR\",\"url\":\"https:\/\/musique-sacree-aix.fr\/wp-content\/uploads\/2020\/09\/IMG_99992-Copie-scaled.jpg\",\"contentUrl\":\"https:\/\/musique-sacree-aix.fr\/wp-content\/uploads\/2020\/09\/IMG_99992-Copie-scaled.jpg\",\"width\":2560,\"height\":1367},{\"@type\":\"WebPage\",\"@id\":\"https:\/\/musique-sacree-aix.fr\/index.php\/qui-sommes-nous\/#webpage\",\"url\":\"https:\/\/musique-sacree-aix.fr\/index.php\/qui-sommes-nous\/\",\"name\":\"Qui sommes-nous ? - Musique Sacr\\u00e9e\",\"isPartOf\":{\"@id\":\"https:\/\/musique-sacree-aix.fr\/#website\"},\"primaryImageOfPage\":{\"@id\":\"https:\/\/musique-sacree-aix.fr\/index.php\/qui-sommes-nous\/#primaryimage\"},\"datePublished\":\"2021-06-08T16:00:34+00:00\",\"dateModified\":\"2021-11-04T17:50:21+00:00\",\"breadcrumb\":{\"@id\":\"https:\/\/musique-sacree-aix.fr\/index.php\/qui-sommes-nous\/#breadcrumb\"},\"inLanguage\":\"fr-FR\",\"potentialAction\":[{\"@type\":\"ReadAction\",\"target\":[\"https:\/\/musique-sacree-aix.fr\/index.php\/qui-sommes-nous\/\"]}]},{\"@type\":\"BreadcrumbList\",\"@id\":\"https:\/\/musique-sacree-aix.fr\/index.php\/qui-sommes-nous\/#breadcrumb\",\"itemListElement\":[{\"@type\":\"ListItem\",\"position\":1,\"name\":\"Accueil\",\"item\":\"https:\/\/musique-sacree-aix.fr\/\"},{\"@type\":\"ListItem\",\"position\":2,\"name\":\"Qui sommes-nous ?\"}]}]}<\/script>\n<!-- \/ Yoast SEO plugin. -->","yoast_head_json":{"title":"Qui sommes-nous ? - Musique Sacr\u00e9e","robots":{"index":"index","follow":"follow","max-snippet":"max-snippet:-1","max-image-preview":"max-image-preview:large","max-video-preview":"max-video-preview:-1"},"canonical":"https:\/\/musique-sacree-aix.fr\/index.php\/qui-sommes-nous\/","og_locale":"fr_FR","og_type":"article","og_title":"Qui sommes-nous ? - Musique Sacr\u00e9e","og_description":"La Cr\u00e9ation Cr\u00e9\u00e9e fin 2018, l\u2019Association Musique Sacr\u00e9e \u00e0 la Cath\u00e9drale d\u2019Aix-en-Provence a vu le jour afin de dynamiser l\u2019activit\u00e9 culturelle au sein de la Cath\u00e9drale Saint-Sauveur. Elle a pour missions&nbsp;:&nbsp; &#8211; La mise en valeur du patrimoine musical de la Cath\u00e9drale d&rsquo;Aix-en-Provence et de la musique sacr\u00e9e &#8211; La r\u00e9alisation de projets musicaux, et &hellip;","og_url":"https:\/\/musique-sacree-aix.fr\/index.php\/qui-sommes-nous\/","og_site_name":"Musique Sacr\u00e9e","article_publisher":"https:\/\/www.facebook.com\/musiquesacree.cathedraleaix\/","article_modified_time":"2021-11-04T17:50:21+00:00","og_image":[{"width":2560,"height":1367,"url":"https:\/\/musique-sacree-aix.fr\/wp-content\/uploads\/2020\/09\/IMG_99992-Copie-scaled.jpg","type":"image\/jpeg"}],"twitter_card":"summary_large_image","twitter_misc":{"Dur\u00e9e de lecture estim\u00e9e":"2 minutes"},"schema":{"@context":"https:\/\/schema.org","@graph":[{"@type":"Organization","@id":"https:\/\/musique-sacree-aix.fr\/#organization","name":"Musique Sacr\u00e9e \u00e0 la Cath\u00e9drale d'Aix-en-Provence","url":"https:\/\/musique-sacree-aix.fr\/","sameAs":["https:\/\/www.facebook.com\/musiquesacree.cathedraleaix\/","https:\/\/www.youtube.com\/channel\/UC6PTCinXrlV6yM0dU4YTBww"],"logo":{"@type":"ImageObject","@id":"https:\/\/musique-sacree-aix.fr\/#logo","inLanguage":"fr-FR","url":"https:\/\/musique-sacree-aix.fr\/wp-content\/uploads\/2020\/09\/HD-Logo-MSCA-couleur.png","contentUrl":"https:\/\/musique-sacree-aix.fr\/wp-content\/uploads\/2020\/09\/HD-Logo-MSCA-couleur.png","width":2362,"height":2362,"caption":"Musique Sacr\u00e9e \u00e0 la Cath\u00e9drale d'Aix-en-Provence"},"image":{"@id":"https:\/\/musique-sacree-aix.fr\/#logo"}},{"@type":"WebSite","@id":"https:\/\/musique-sacree-aix.fr\/#website","url":"https:\/\/musique-sacree-aix.fr\/","name":"Musique Sacr\u00e9e Aix","description":"\u00e0 la Cath\u00e9drale dAix-en-Provence","publisher":{"@id":"https:\/\/musique-sacree-aix.fr\/#organization"},"potentialAction":[{"@type":"SearchAction","target":{"@type":"EntryPoint","urlTemplate":"https:\/\/musique-sacree-aix.fr\/?s={search_term_string}"},"query-input":"required name=search_term_string"}],"inLanguage":"fr-FR"},{"@type":"ImageObject","@id":"https:\/\/musique-sacree-aix.fr\/index.php\/qui-sommes-nous\/#primaryimage","inLanguage":"fr-FR","url":"https:\/\/musique-sacree-aix.fr\/wp-content\/uploads\/2020\/09\/IMG_99992-Copie-scaled.jpg","contentUrl":"https:\/\/musique-sacree-aix.fr\/wp-content\/uploads\/2020\/09\/IMG_99992-Copie-scaled.jpg","width":2560,"height":1367},{"@type":"WebPage","@id":"https:\/\/musique-sacree-aix.fr\/index.php\/qui-sommes-nous\/#webpage","url":"https:\/\/musique-sacree-aix.fr\/index.php\/qui-sommes-nous\/","name":"Qui sommes-nous ? - Musique Sacr\u00e9e","isPartOf":{"@id":"https:\/\/musique-sacree-aix.fr\/#website"},"primaryImageOfPage":{"@id":"https:\/\/musique-sacree-aix.fr\/index.php\/qui-sommes-nous\/#primaryimage"},"datePublished":"2021-06-08T16:00:34+00:00","dateModified":"2021-11-04T17:50:21+00:00","breadcrumb":{"@id":"https:\/\/musique-sacree-aix.fr\/index.php\/qui-sommes-nous\/#breadcrumb"},"inLanguage":"fr-FR","potentialAction":[{"@type":"ReadAction","target":["https:\/\/musique-sacree-aix.fr\/index.php\/qui-sommes-nous\/"]}]},{"@type":"BreadcrumbList","@id":"https:\/\/musique-sacree-aix.fr\/index.php\/qui-sommes-nous\/#breadcrumb","itemListElement":[{"@type":"ListItem","position":1,"name":"Accueil","item":"https:\/\/musique-sacree-aix.fr\/"},{"@type":"ListItem","position":2,"name":"Qui sommes-nous ?"}]}]}},"jetpack_sharing_enabled":true,"_links":{"self":[{"href":"https:\/\/musique-sacree-aix.fr\/index.php\/wp-json\/wp\/v2\/pages\/343"}],"collection":[{"href":"https:\/\/musique-sacree-aix.fr\/index.php\/wp-json\/wp\/v2\/pages"}],"about":[{"href":"https:\/\/musique-sacree-aix.fr\/index.php\/wp-json\/wp\/v2\/types\/page"}],"author":[{"embeddable":true,"href":"https:\/\/musique-sacree-aix.fr\/index.php\/wp-json\/wp\/v2\/users\/1"}],"replies":[{"embeddable":true,"href":"https:\/\/musique-sacree-aix.fr\/index.php\/wp-json\/wp\/v2\/comments?post=343"}],"version-history":[{"count":10,"href":"https:\/\/musique-sacree-aix.fr\/index.php\/wp-json\/wp\/v2\/pages\/343\/revisions"}],"predecessor-version":[{"id":569,"href":"https:\/\/musique-sacree-aix.fr\/index.php\/wp-json\/wp\/v2\/pages\/343\/revisions\/569"}],"wp:featuredmedia":[{"embeddable":true,"href":"https:\/\/musique-sacree-aix.fr\/index.php\/wp-json\/wp\/v2\/media\/118"}],"wp:attachment":[{"href":"https:\/\/musique-sacree-aix.fr\/index.php\/wp-json\/wp\/v2\/media?parent=343"}],"curies":[{"name":"wp","href":"https:\/\/api.w.org\/{rel}","templated":true}]}}