{"id":285,"date":"2021-01-27T12:23:17","date_gmt":"2021-01-27T11:23:17","guid":{"rendered":"http:\/\/musique-sacree-aix.fr\/?page_id=285"},"modified":"2022-09-10T19:14:17","modified_gmt":"2022-09-10T17:14:17","slug":"lorgue","status":"publish","type":"page","link":"https:\/\/musique-sacree-aix.fr\/index.php\/lorgue\/","title":{"rendered":"L&rsquo;instrument"},"content":{"rendered":"\n<p class=\"has-white-color has-text-color\"><strong>Historique <\/strong><strong>:<\/strong><\/p>\n\n\n\n<p class=\"has-text-align-justify\">En 1743, le chapitre de la cath\u00e9drale St. Sauveur d&rsquo;Aix-en-Provence d\u00e9cide la construction d&rsquo;un intrument neuf, et le travail est confi\u00e9 \u00e0 Jean-Esprit ISNARD, fr\u00e8re dominicain, qui \u00e9tait alors un facteur d&rsquo;orgues r\u00e9put\u00e9.<\/p>\n\n\n\n<p class=\"has-text-align-justify\">L&rsquo;instrument, install\u00e9 dans le ch\u0153ur de la cath\u00e9drale &#8211; c\u00f4t\u00e9 Evangile, est termin\u00e9 en 1745. Face \u00e0 lui, une fa\u00e7ade muette est \u00e9rig\u00e9e en miroir, pour l&rsquo;\u00e9quilibre esth\u00e9tique.<\/p>\n\n\n\n<p class=\"has-text-align-justify\">L&rsquo;orgue a la chance de pouvoir franchir la p\u00e9riode r\u00e9volutionnaire sans probl\u00e8mes majeurs.<\/p>\n\n\n\n<p class=\"has-text-align-justify\">En 1802, Thomas Laurent BORME entreprend quelques r\u00e9parations sur l&rsquo;instrument ; d&rsquo;autres sont effectu\u00e9es par GAZEAU en 1834. Il est inutile de pr\u00e9ciser que des r\u00e9parations impliquent habituellement l&rsquo;alt\u00e9ration de l&rsquo;instument, mais celles-ci sont aussi en partie dues aux dommages caus\u00e9s par la chute d&rsquo;un morceau de vo\u00fbte. C&rsquo;\u00e9tait alors un instrument de 44 jeux sur 4 claviers.<\/p>\n\n\n\n<p class=\"has-text-align-justify\">Pourtant, la destruction compl\u00e8te de l&rsquo;instrument historique est l&rsquo;\u0153uvre non des forces naturelles, mais des hommes. En 1849, le facteur DUCROQUET est charg\u00e9 de reconstruire l&rsquo;orgue dans le style romantique d&rsquo;alors : les parties \u00ab\u00a0anciennes\u00a0\u00bb et inutilis\u00e9es du magnifique travail d&rsquo;Isnard sont sold\u00e9es \u00e0 un village proche. Ne subsistent de l&rsquo;instrument que le buffet et les tuyaux de montre, t\u00e9moins de sa splendeur pass\u00e9e. Et ce n&rsquo;est pas encore la fin des humiliations que l&rsquo;ouvrage d&rsquo;Isnard aura \u00e0 subir : la montre est utilis\u00e9e en d\u00e9coration (!) du buffet jumeau situ\u00e9 du c\u00f4t\u00e9 oppos\u00e9 du ch\u0153ur (c\u00f4t\u00e9 l&rsquo;Ep\u00eetre). Ducroquet a construit un instrument totalement neuf de 3 claviers et 38 jeux dans l&rsquo;ancien buffet : la destruction du mat\u00e9riel sonore historique est totale.<\/p>\n\n\n\n<p class=\"has-text-align-justify\">Toutefois, l&rsquo;instrument ne s&rsquo;accordera pas longtemps au go\u00fbt de ses utilisateurs : en 1880, on appelle Aristide CAVAILLE-COLL, le ma\u00eetre r\u00e9put\u00e9, pour lui faire faire quelques modifications. Son travail concerne principalement la partie m\u00e9canique (transmission des notes) : il installe une machine Barker et une nouvelle console. Aujourd&rsquo;hui, nous regrettons effectivement ces \u00ab\u00a0innovations\u00a0\u00bb mais, \u00e0 l&rsquo;\u00e9poque, celles-ci semblaient \u00eatre le summum de la technique et, entre autres, servaient \u00e9galement la gloire futile des facteurs d&rsquo;orgues du XIX\u00e8me si\u00e8cle (on ne soup\u00e7onnait pas la dur\u00e9e de fonctionnement limit\u00e9e de ces syst\u00e8mes pneumatiques). L&rsquo;\u00e9quilibre sonore de l&rsquo;instrument n&rsquo;a pas \u00e9t\u00e9 beaucoup modifi\u00e9 par A. CAVAILLE-COLL, qui n&rsquo;aurait chang\u00e9 que 5 jeux.&nbsp;<\/p>\n\n\n\n<p class=\"has-text-align-justify\">Encore une fois, par ironie du sort, ces jeux-ci ont \u00e9t\u00e9 pour la plupart remplac\u00e9s 40 ans plus tard par MERKLIN, qui effectue en 1917 une autre \u00ab\u00a0adaptation\u00a0\u00bb de l&rsquo;orgue, cette fois au style n\u00e9o-classique. Les jeux romantiques qui semblaient si appr\u00e9ci\u00e9s quelques dizaines d&rsquo;ann\u00e9es auparavant sont remplac\u00e9s, et on ajoute quelques mutations.<\/p>\n\n\n\n<p class=\"has-text-align-justify\">En 1972, la commission de restauration a la difficile t\u00e2che de d\u00e9cider quel \u00e9tat de l&rsquo;instrument choisir pour le restaurer&#8230; Ils d\u00e9cid\u00e8rent de revenir \u00e0 l&rsquo;instrument de Ducroquet : des 38 jeux, 32 sont de sa main. Les \u00e9l\u00e9ments subsistants de CAVAILLE-COLL sont : la machine Barker, la console, les claviers, les tirants de registres, les p\u00e9dales d&rsquo;appel, les abr\u00e9g\u00e9s et 2 jeux : Gambe et Voix C\u00e9leste du R\u00e9cit.&nbsp;<\/p>\n\n\n\n<p class=\"has-text-align-justify\">En 2001, une nouvelle restauration en profondeur de l&rsquo;instrument est n\u00e9cessaire : les \u00e9l\u00e9ments m\u00e9caniques de facture \u00ab\u00a0romantique\u00a0\u00bb ont une dur\u00e9e de vie relativement courte. Plusieurs nouveaux jeux sont ajout\u00e9s : Trompette et Gambe au Grand-Orgue, Voix Humaine au R\u00e9cit, Piccolo 1&prime; au Positif.<\/p>\n\n\n\n<p class=\"has-text-align-justify\">Rien ne subsiste de l&rsquo;instrument du XVIII\u00e8me si\u00e8cle fait par Isnard, \u00e0 part les parties en bois du buffet.<\/p>\n\n\n\n<p class=\"has-text-align-justify\">Le classement historique porte sur le buffet de ISNARD et l&rsquo;instrument DUCROQUET-CAVAILLE.<\/p>\n\n\n\n<hr class=\"wp-block-separator\"\/>\n\n\n\n<p class=\"has-white-color has-text-color\"><strong>Composition :<\/strong><\/p>\n\n\n\n<div class=\"wp-block-group\"><div class=\"wp-block-group__inner-container\">\n<div class=\"wp-block-columns\">\n<div class=\"wp-block-column\" style=\"flex-basis:100%\">\n<div class=\"wp-block-columns\">\n<div class=\"wp-block-column\">\n<div class=\"wp-block-columns\">\n<div class=\"wp-block-column\">\n<p><strong>I \/ Positif<\/strong><\/p>\n\n\n\n<p>Bourdon 8&prime;<br>Salicional 8&prime;<br>Prestant 4&prime;<br>Sesquialtera 2r<br>Doublette 2&prime;<br>Plein-Jeu 4r<br>Trompette 8&prime;<br>Cromorne 8&prime;<br>Clairon 4&prime;<br>Piccolo 1&prime;<\/p>\n<\/div>\n\n\n\n<div class=\"wp-block-column\">\n<p><strong>II \/ Grand-Orgue<\/strong><\/p>\n\n\n\n<p>Bourdon 16&prime;<br>Montre 8&prime;<br>Fl\u00fbte 8&prime;<br>Gambe 8&prime;<br>Prestant 4&prime;<br>Fl\u00fbte \u00e0 chemin\u00e9e 4&prime;<br>Quinte 2 2\/3&prime;<br>Doublette 2&prime;<br>Fourniture 5r<br>Cornet 5r<br>Bombarde 16&prime;<br>Trompette 8&prime;<br>Trompette 8&prime;<br>Clairon 4&prime;<\/p>\n<\/div>\n<\/div>\n<\/div>\n\n\n\n<div class=\"wp-block-column\">\n<div class=\"wp-block-columns\">\n<div class=\"wp-block-column\">\n<p><strong>III \/ R\u00e9cit expressif<\/strong><\/p>\n\n\n\n<p>Fl\u00fbte 8&prime;<br>Bourdon 8&prime;<br>Viole de Gambe 8&prime;<br>Fl\u00fbte octaviante 4&prime;<br>Voix c\u00e9leste 8&prime;<br>Octavin 2&prime;<br>Trompette 8&prime;<br>Basson-Hautbois 8&prime;<br>Voix humaine 8&prime;<\/p>\n<\/div>\n\n\n\n<div class=\"wp-block-column\">\n<p><strong>P\u00e9dale<\/strong><\/p>\n\n\n\n<p>Fl\u00fbte 16&prime;<br>Soubasse 16&prime;<br>Fl\u00fbte 8&prime;<br>fl\u00fbte 4&prime;<br>Bombarde 16&prime;<br>Trompette 8&prime;<br>Clairon 4&prime;<\/p>\n<\/div>\n<\/div>\n<\/div>\n<\/div>\n<\/div>\n<\/div>\n<\/div><\/div>\n\n\n\n<p class=\"has-white-color has-text-color\"><strong>Autres caract\u00e9ristiques :<\/strong><\/p>\n\n\n\n<p><br>40 jeux &#8211; 3 claviers manuels de 54 notes et p\u00e9dalier 30 notes<br>Transmission m\u00e9canique des claviers et des jeux &#8211; Machine Barker au G.O<br>Copulas : I\/II &#8211; III\/II &#8211; III\/I<br>Tirasses : I\/P &#8211; II\/P &#8211; III\/P<br>Appel 8ves graves \u2013 Appel Anches P\u00e9dale \u2013 Appel Anches ManuelAppel GO &#8211; Tr\u00e9molo &#8211; Rossignol<\/p>\n\n\n\n<div style=\"height:50px\" aria-hidden=\"true\" class=\"wp-block-spacer\"><\/div>\n\n\n\n<figure class=\"wp-block-image size-large\"><img loading=\"lazy\" width=\"1024\" height=\"681\" src=\"https:\/\/musique-sacree-aix.fr\/wp-content\/uploads\/2021\/06\/IMGP2426-1024x681.jpg\" alt=\"\" class=\"wp-image-327\" srcset=\"https:\/\/musique-sacree-aix.fr\/wp-content\/uploads\/2021\/06\/IMGP2426-1024x681.jpg 1024w, https:\/\/musique-sacree-aix.fr\/wp-content\/uploads\/2021\/06\/IMGP2426-300x199.jpg 300w, https:\/\/musique-sacree-aix.fr\/wp-content\/uploads\/2021\/06\/IMGP2426-768x511.jpg 768w, https:\/\/musique-sacree-aix.fr\/wp-content\/uploads\/2021\/06\/IMGP2426-1536x1021.jpg 1536w, https:\/\/musique-sacree-aix.fr\/wp-content\/uploads\/2021\/06\/IMGP2426-2048x1362.jpg 2048w\" sizes=\"(max-width: 1024px) 100vw, 1024px\" \/><\/figure>\n","protected":false},"excerpt":{"rendered":"<p>Historique : En 1743, le chapitre de la cath\u00e9drale St. Sauveur d&rsquo;Aix-en-Provence d\u00e9cide la construction d&rsquo;un intrument neuf, et le travail est confi\u00e9 \u00e0 Jean-Esprit ISNARD, fr\u00e8re dominicain, qui \u00e9tait alors un facteur d&rsquo;orgues r\u00e9put\u00e9. L&rsquo;instrument, install\u00e9 dans le ch\u0153ur de la cath\u00e9drale &#8211; c\u00f4t\u00e9 Evangile, est termin\u00e9 en 1745. Face \u00e0 lui, une fa\u00e7ade &hellip; <\/p>\n","protected":false},"author":1,"featured_media":313,"parent":0,"menu_order":0,"comment_status":"closed","ping_status":"closed","template":"","meta":{"spay_email":""},"yoast_head":"<!-- This site is optimized with the Yoast SEO plugin v17.9 - https:\/\/yoast.com\/wordpress\/plugins\/seo\/ -->\n<title>L&#039;instrument - Musique Sacr\u00e9e<\/title>\n<meta name=\"robots\" content=\"index, follow, max-snippet:-1, max-image-preview:large, max-video-preview:-1\" \/>\n<link rel=\"canonical\" href=\"https:\/\/musique-sacree-aix.fr\/index.php\/lorgue\/\" \/>\n<meta property=\"og:locale\" content=\"fr_FR\" \/>\n<meta property=\"og:type\" content=\"article\" \/>\n<meta property=\"og:title\" content=\"L&#039;instrument - Musique Sacr\u00e9e\" \/>\n<meta property=\"og:description\" content=\"Historique : En 1743, le chapitre de la cath\u00e9drale St. Sauveur d&rsquo;Aix-en-Provence d\u00e9cide la construction d&rsquo;un intrument neuf, et le travail est confi\u00e9 \u00e0 Jean-Esprit ISNARD, fr\u00e8re dominicain, qui \u00e9tait alors un facteur d&rsquo;orgues r\u00e9put\u00e9. L&rsquo;instrument, install\u00e9 dans le ch\u0153ur de la cath\u00e9drale &#8211; c\u00f4t\u00e9 Evangile, est termin\u00e9 en 1745. Face \u00e0 lui, une fa\u00e7ade &hellip;\" \/>\n<meta property=\"og:url\" content=\"https:\/\/musique-sacree-aix.fr\/index.php\/lorgue\/\" \/>\n<meta property=\"og:site_name\" content=\"Musique Sacr\u00e9e\" \/>\n<meta property=\"article:publisher\" content=\"https:\/\/www.facebook.com\/musiquesacree.cathedraleaix\/\" \/>\n<meta property=\"article:modified_time\" content=\"2022-09-10T17:14:17+00:00\" \/>\n<meta property=\"og:image\" content=\"https:\/\/musique-sacree-aix.fr\/wp-content\/uploads\/2021\/06\/IMGP2388-scaled.jpg\" \/>\n\t<meta property=\"og:image:width\" content=\"2560\" \/>\n\t<meta property=\"og:image:height\" content=\"1701\" \/>\n\t<meta property=\"og:image:type\" content=\"image\/jpeg\" \/>\n<meta name=\"twitter:card\" content=\"summary_large_image\" \/>\n<meta name=\"twitter:label1\" content=\"Dur\u00e9e de lecture estim\u00e9e\" \/>\n\t<meta name=\"twitter:data1\" content=\"4 minutes\" \/>\n<script type=\"application\/ld+json\" class=\"yoast-schema-graph\">{\"@context\":\"https:\/\/schema.org\",\"@graph\":[{\"@type\":\"Organization\",\"@id\":\"https:\/\/musique-sacree-aix.fr\/#organization\",\"name\":\"Musique Sacr\\u00e9e \\u00e0 la Cath\\u00e9drale d'Aix-en-Provence\",\"url\":\"https:\/\/musique-sacree-aix.fr\/\",\"sameAs\":[\"https:\/\/www.facebook.com\/musiquesacree.cathedraleaix\/\",\"https:\/\/www.youtube.com\/channel\/UC6PTCinXrlV6yM0dU4YTBww\"],\"logo\":{\"@type\":\"ImageObject\",\"@id\":\"https:\/\/musique-sacree-aix.fr\/#logo\",\"inLanguage\":\"fr-FR\",\"url\":\"https:\/\/musique-sacree-aix.fr\/wp-content\/uploads\/2020\/09\/HD-Logo-MSCA-couleur.png\",\"contentUrl\":\"https:\/\/musique-sacree-aix.fr\/wp-content\/uploads\/2020\/09\/HD-Logo-MSCA-couleur.png\",\"width\":2362,\"height\":2362,\"caption\":\"Musique Sacr\\u00e9e \\u00e0 la Cath\\u00e9drale d'Aix-en-Provence\"},\"image\":{\"@id\":\"https:\/\/musique-sacree-aix.fr\/#logo\"}},{\"@type\":\"WebSite\",\"@id\":\"https:\/\/musique-sacree-aix.fr\/#website\",\"url\":\"https:\/\/musique-sacree-aix.fr\/\",\"name\":\"Musique Sacr\\u00e9e Aix\",\"description\":\"\\u00e0 la Cath\\u00e9drale dAix-en-Provence\",\"publisher\":{\"@id\":\"https:\/\/musique-sacree-aix.fr\/#organization\"},\"potentialAction\":[{\"@type\":\"SearchAction\",\"target\":{\"@type\":\"EntryPoint\",\"urlTemplate\":\"https:\/\/musique-sacree-aix.fr\/?s={search_term_string}\"},\"query-input\":\"required name=search_term_string\"}],\"inLanguage\":\"fr-FR\"},{\"@type\":\"ImageObject\",\"@id\":\"https:\/\/musique-sacree-aix.fr\/index.php\/lorgue\/#primaryimage\",\"inLanguage\":\"fr-FR\",\"url\":\"https:\/\/musique-sacree-aix.fr\/wp-content\/uploads\/2021\/06\/IMGP2388-scaled.jpg\",\"contentUrl\":\"https:\/\/musique-sacree-aix.fr\/wp-content\/uploads\/2021\/06\/IMGP2388-scaled.jpg\",\"width\":2560,\"height\":1701},{\"@type\":\"WebPage\",\"@id\":\"https:\/\/musique-sacree-aix.fr\/index.php\/lorgue\/#webpage\",\"url\":\"https:\/\/musique-sacree-aix.fr\/index.php\/lorgue\/\",\"name\":\"L'instrument - Musique Sacr\\u00e9e\",\"isPartOf\":{\"@id\":\"https:\/\/musique-sacree-aix.fr\/#website\"},\"primaryImageOfPage\":{\"@id\":\"https:\/\/musique-sacree-aix.fr\/index.php\/lorgue\/#primaryimage\"},\"datePublished\":\"2021-01-27T11:23:17+00:00\",\"dateModified\":\"2022-09-10T17:14:17+00:00\",\"breadcrumb\":{\"@id\":\"https:\/\/musique-sacree-aix.fr\/index.php\/lorgue\/#breadcrumb\"},\"inLanguage\":\"fr-FR\",\"potentialAction\":[{\"@type\":\"ReadAction\",\"target\":[\"https:\/\/musique-sacree-aix.fr\/index.php\/lorgue\/\"]}]},{\"@type\":\"BreadcrumbList\",\"@id\":\"https:\/\/musique-sacree-aix.fr\/index.php\/lorgue\/#breadcrumb\",\"itemListElement\":[{\"@type\":\"ListItem\",\"position\":1,\"name\":\"Accueil\",\"item\":\"https:\/\/musique-sacree-aix.fr\/\"},{\"@type\":\"ListItem\",\"position\":2,\"name\":\"L&rsquo;instrument\"}]}]}<\/script>\n<!-- \/ Yoast SEO plugin. -->","yoast_head_json":{"title":"L'instrument - Musique Sacr\u00e9e","robots":{"index":"index","follow":"follow","max-snippet":"max-snippet:-1","max-image-preview":"max-image-preview:large","max-video-preview":"max-video-preview:-1"},"canonical":"https:\/\/musique-sacree-aix.fr\/index.php\/lorgue\/","og_locale":"fr_FR","og_type":"article","og_title":"L'instrument - Musique Sacr\u00e9e","og_description":"Historique : En 1743, le chapitre de la cath\u00e9drale St. Sauveur d&rsquo;Aix-en-Provence d\u00e9cide la construction d&rsquo;un intrument neuf, et le travail est confi\u00e9 \u00e0 Jean-Esprit ISNARD, fr\u00e8re dominicain, qui \u00e9tait alors un facteur d&rsquo;orgues r\u00e9put\u00e9. L&rsquo;instrument, install\u00e9 dans le ch\u0153ur de la cath\u00e9drale &#8211; c\u00f4t\u00e9 Evangile, est termin\u00e9 en 1745. Face \u00e0 lui, une fa\u00e7ade &hellip;","og_url":"https:\/\/musique-sacree-aix.fr\/index.php\/lorgue\/","og_site_name":"Musique Sacr\u00e9e","article_publisher":"https:\/\/www.facebook.com\/musiquesacree.cathedraleaix\/","article_modified_time":"2022-09-10T17:14:17+00:00","og_image":[{"width":2560,"height":1701,"url":"https:\/\/musique-sacree-aix.fr\/wp-content\/uploads\/2021\/06\/IMGP2388-scaled.jpg","type":"image\/jpeg"}],"twitter_card":"summary_large_image","twitter_misc":{"Dur\u00e9e de lecture estim\u00e9e":"4 minutes"},"schema":{"@context":"https:\/\/schema.org","@graph":[{"@type":"Organization","@id":"https:\/\/musique-sacree-aix.fr\/#organization","name":"Musique Sacr\u00e9e \u00e0 la Cath\u00e9drale d'Aix-en-Provence","url":"https:\/\/musique-sacree-aix.fr\/","sameAs":["https:\/\/www.facebook.com\/musiquesacree.cathedraleaix\/","https:\/\/www.youtube.com\/channel\/UC6PTCinXrlV6yM0dU4YTBww"],"logo":{"@type":"ImageObject","@id":"https:\/\/musique-sacree-aix.fr\/#logo","inLanguage":"fr-FR","url":"https:\/\/musique-sacree-aix.fr\/wp-content\/uploads\/2020\/09\/HD-Logo-MSCA-couleur.png","contentUrl":"https:\/\/musique-sacree-aix.fr\/wp-content\/uploads\/2020\/09\/HD-Logo-MSCA-couleur.png","width":2362,"height":2362,"caption":"Musique Sacr\u00e9e \u00e0 la Cath\u00e9drale d'Aix-en-Provence"},"image":{"@id":"https:\/\/musique-sacree-aix.fr\/#logo"}},{"@type":"WebSite","@id":"https:\/\/musique-sacree-aix.fr\/#website","url":"https:\/\/musique-sacree-aix.fr\/","name":"Musique Sacr\u00e9e Aix","description":"\u00e0 la Cath\u00e9drale dAix-en-Provence","publisher":{"@id":"https:\/\/musique-sacree-aix.fr\/#organization"},"potentialAction":[{"@type":"SearchAction","target":{"@type":"EntryPoint","urlTemplate":"https:\/\/musique-sacree-aix.fr\/?s={search_term_string}"},"query-input":"required name=search_term_string"}],"inLanguage":"fr-FR"},{"@type":"ImageObject","@id":"https:\/\/musique-sacree-aix.fr\/index.php\/lorgue\/#primaryimage","inLanguage":"fr-FR","url":"https:\/\/musique-sacree-aix.fr\/wp-content\/uploads\/2021\/06\/IMGP2388-scaled.jpg","contentUrl":"https:\/\/musique-sacree-aix.fr\/wp-content\/uploads\/2021\/06\/IMGP2388-scaled.jpg","width":2560,"height":1701},{"@type":"WebPage","@id":"https:\/\/musique-sacree-aix.fr\/index.php\/lorgue\/#webpage","url":"https:\/\/musique-sacree-aix.fr\/index.php\/lorgue\/","name":"L'instrument - Musique Sacr\u00e9e","isPartOf":{"@id":"https:\/\/musique-sacree-aix.fr\/#website"},"primaryImageOfPage":{"@id":"https:\/\/musique-sacree-aix.fr\/index.php\/lorgue\/#primaryimage"},"datePublished":"2021-01-27T11:23:17+00:00","dateModified":"2022-09-10T17:14:17+00:00","breadcrumb":{"@id":"https:\/\/musique-sacree-aix.fr\/index.php\/lorgue\/#breadcrumb"},"inLanguage":"fr-FR","potentialAction":[{"@type":"ReadAction","target":["https:\/\/musique-sacree-aix.fr\/index.php\/lorgue\/"]}]},{"@type":"BreadcrumbList","@id":"https:\/\/musique-sacree-aix.fr\/index.php\/lorgue\/#breadcrumb","itemListElement":[{"@type":"ListItem","position":1,"name":"Accueil","item":"https:\/\/musique-sacree-aix.fr\/"},{"@type":"ListItem","position":2,"name":"L&rsquo;instrument"}]}]}},"jetpack_sharing_enabled":true,"_links":{"self":[{"href":"https:\/\/musique-sacree-aix.fr\/index.php\/wp-json\/wp\/v2\/pages\/285"}],"collection":[{"href":"https:\/\/musique-sacree-aix.fr\/index.php\/wp-json\/wp\/v2\/pages"}],"about":[{"href":"https:\/\/musique-sacree-aix.fr\/index.php\/wp-json\/wp\/v2\/types\/page"}],"author":[{"embeddable":true,"href":"https:\/\/musique-sacree-aix.fr\/index.php\/wp-json\/wp\/v2\/users\/1"}],"replies":[{"embeddable":true,"href":"https:\/\/musique-sacree-aix.fr\/index.php\/wp-json\/wp\/v2\/comments?post=285"}],"version-history":[{"count":17,"href":"https:\/\/musique-sacree-aix.fr\/index.php\/wp-json\/wp\/v2\/pages\/285\/revisions"}],"predecessor-version":[{"id":779,"href":"https:\/\/musique-sacree-aix.fr\/index.php\/wp-json\/wp\/v2\/pages\/285\/revisions\/779"}],"wp:featuredmedia":[{"embeddable":true,"href":"https:\/\/musique-sacree-aix.fr\/index.php\/wp-json\/wp\/v2\/media\/313"}],"wp:attachment":[{"href":"https:\/\/musique-sacree-aix.fr\/index.php\/wp-json\/wp\/v2\/media?parent=285"}],"curies":[{"name":"wp","href":"https:\/\/api.w.org\/{rel}","templated":true}]}}