{"id":229,"date":"2020-12-21T17:28:50","date_gmt":"2020-12-21T16:28:50","guid":{"rendered":"http:\/\/musique-sacree-aix.fr\/?page_id=229"},"modified":"2020-12-21T18:09:19","modified_gmt":"2020-12-21T17:09:19","slug":"mentions-legales-2","status":"publish","type":"page","link":"https:\/\/musique-sacree-aix.fr\/index.php\/mentions-legales-2\/","title":{"rendered":"Mentions l\u00e9gales"},"content":{"rendered":"\n<h2>Informations techniques<\/h2>\n\n\n\n<h3>Identit\u00e9 de l&rsquo;association<\/h3>\n\n\n\n<p>\u00a9 All Rights Reserved. Tous droits r\u00e9serv\u00e9s Surplus Concert by <a href=\"https:\/\/surplusthemes.com\/\">Surplus Themes<\/a>. | Powered by <a href=\"https:\/\/wordpress.org\">WordPress<\/a>.<\/p>\n\n\n\n<p>Les lois du 6 janvier 1978, modifi\u00e9e le 7 ao\u00fbt 2004, et du 21 juin 2004 imposent aux associations de faire appara\u00eetre certaines mentions sur leur site internet :<\/p>\n\n\n\n<ul><li>MUSIQUE SACR\u00c9E \u00c0 LA CATH\u00c9DRALE D&rsquo;AIX-EN-PROVENCE (MUSIQUE SACREE CATHAIX). est une association loi de 1901 dont le si\u00e8ge social est \u00e9tabli au 34, place des martyrs de la r\u00e9sistance \u00e0 Aix-en-Provence.<\/li><li>SIRET : 847 810 314 00017<\/li><li>Le pr\u00e9sident est P. Michel Desplanches <\/li><li>Ce site est heberg\u00e9 aupr\u00e8s d&rsquo;OVH<\/li><li>contact : <a href=\"mailto:musiquesacreecathaix@gmail.com\">musiquesacreecathaix@gmail.com<\/a><\/li><\/ul>\n\n\n\n<p><\/p>\n\n\n\n<p><\/p>\n\n\n\n<h3>Identit\u00e9 de l\u2019h\u00e9bergeur<\/h3>\n\n\n\n<p>SAS au capital de 10 069 020 \u20ac<br>RCS Lille M\u00e9tropole 424 761 419 00045<br>Code APE 2620Z<br>N\u00b0 TVA : FR 22 424 761 419<br>Si\u00e8ge social : 2 rue Kellermann &#8211; 59100 Roubaix &#8211; France Directeur de la publication : Octave KLABA Pr\u00e9sident : Henryk KLABA Directeur g\u00e9n\u00e9ral : Miroslaw KLABA Directeur g\u00e9n\u00e9ral d\u00e9l\u00e9gu\u00e9 : Octave KLABA Directeur g\u00e9n\u00e9ral d\u00e9l\u00e9gu\u00e9 : Halina KLABA<\/p>\n\n\n\n<p>OVH SAS est une filiale de la soci\u00e9t\u00e9 OVH Groupe SAS, soci\u00e9t\u00e9 immatricul\u00e9e au RCS de Lille sous le num\u00e9ro 537 407 926 sise 2, rue Kellermann, 59100 Roubaix.<\/p>\n\n\n\n<hr class=\"wp-block-separator\"\/>\n\n\n\n<h2>Propri\u00e9t\u00e9 intellectuelle<\/h2>\n\n\n\n<h3>Contenu &#8211; Copyright<\/h3>\n\n\n\n<p>Le site et chacun des \u00e9l\u00e9ments, y compris mais sans limitation les marques, les logos, ic\u00f4nes, infographies, photographies, vid\u00e9os (incluant l&rsquo;ensemble des int\u00e9grations du site) qui le composent sont prot\u00e9g\u00e9s au titre de la l\u00e9gislation internationale de la propri\u00e9t\u00e9 intellectuelle. Les contenus figurant sur le site sont la propri\u00e9t\u00e9 d&rsquo;MUSIQUE SACR\u00c9E \u00c0 LA CATH\u00c9DRALE D\u2019AIX-EN-PROVENCE ou d\u2019autres entreprises. Toute utilisation, reproduction ou repr\u00e9sentation, par quelque proc\u00e9d\u00e9 que ce soit, et sur quelque support que ce soit, de tout ou partie du site et\/ou des \u00e9l\u00e9ments qui le composent n&rsquo;est pas autoris\u00e9e sans le consentement expresse d&rsquo;MUSIQUE SACR\u00c9E \u00c0 LA CATH\u00c9DRALE D\u2019AIX-EN-PROVENCE.<\/p>\n\n\n\n<h3>Images libres de Droit<\/h3>\n\n\n\n<p>Certaines images et visuels proviennent de la banque d&rsquo;image en ligne \u00ab\u00a0libre de droit\u00a0\u00bb <a href=\"https:\/\/pixabay.com\/fr\/\" target=\"_blank\" rel=\"noreferrer noopener\">https:\/\/pixabay.com\/fr\/<\/a><br>Nous les remercions pour leur mise \u00e0 disposition de ce contenu indispensable pour l&rsquo;accessibilit\u00e9 \u00e0 la cr\u00e9ation de contenu en ligne<\/p>\n\n\n\n<p><strong>Address:<\/strong><br>Pixabay GmbH<br>c\/o Lacore Rechtsanw\u00e4lte LLP<br>Berliner Freiheit 2<br>10785 Berlin<br>Germany<\/p>\n\n\n\n<p><strong>Managing Director:<\/strong><br>Cliff Obrecht<\/p>\n\n\n\n<p><strong>Register entry:<\/strong><br>Registergericht: Amtsgericht Charlottenburg (Berlin)<br>Registernummer: HRB 201539 B<\/p>\n\n\n\n<p><strong>VAT indentification number in accorance with section 27a of the German VAT act (\u00a7 27a UStG):<\/strong><br>DE322857686<\/p>\n\n\n\n<h3>Clause de non responsabilit\u00e9<\/h3>\n\n\n\n<p>Le pr\u00e9sent site a vocation d\u2019\u00eatre le site officiel du Festival de La Chaise-Dieu.<br>Le Festival ne peut garantir l\u2019exactitude de toutes les informations contenues sur le site. Cependant, l\u2019\u00e9diteur s\u2019efforcera de diffuser des informations exactes et \u00e0 jour, ainsi que de corriger les erreurs qui lui seront signal\u00e9es.<\/p>\n\n\n\n<hr class=\"wp-block-separator\"\/>\n\n\n\n<h1>RGPD information <\/h1>\n\n\n\n<p>Le site www.musique-sacree-aix.fr ne collecte aucune information \u00e0 caract\u00e8re confidentiel. Les seules donn\u00e9es analys\u00e9e sont :<\/p>\n\n\n\n<ul><li>la fr\u00e9quence des connexions re\u00e7ues<\/li><li>la fr\u00e9quentation du site (pages et articles)<\/li><li>la localisation des connexions &#8211; sans identit\u00e9<\/li><\/ul>\n\n\n\n<p>Ces donn\u00e9es n&rsquo;ont qu&rsquo;un but informatif et statistique et ne donnent lieu \u00e0 aucune application commerciale. <\/p>\n\n\n\n<p>Le site ne comporte aucun formulaire invitant \u00e0 renseigner des donn\u00e9es personnelles. Aucune donn\u00e9e n&rsquo;est donc re\u00e7ue ni conserv\u00e9e<\/p>\n\n\n\n<h2>Gestion des cookies<\/h2>\n\n\n\n<p>Les utilisateurs du pr\u00e9sent site sont inform\u00e9s que, lors de l\u2019acc\u00e8s \u00e0 ce site, des informations peuvent \u00eatre temporairement conserv\u00e9es en m\u00e9moire ou sur leur disque dur afin de faciliter la navigation sur le site. Les utilisateurs du pr\u00e9sent site reconnaissent avoir \u00e9t\u00e9 inform\u00e9s de cette pratique et des moyens dont ils disposent pour s\u2019y opposer. Consultez la page \u00ab <a href=\"https:\/\/musique-sacree-aix.fr\/index.php\/gestion-des-cookies\/\">Gestion des cookies<\/a> \u00bb.<\/p>\n","protected":false},"excerpt":{"rendered":"<p>Informations techniques Identit\u00e9 de l&rsquo;association \u00a9 All Rights Reserved. Tous droits r\u00e9serv\u00e9s Surplus Concert by Surplus Themes. | Powered by WordPress. Les lois du 6 janvier 1978, modifi\u00e9e le 7 ao\u00fbt 2004, et du 21 juin 2004 imposent aux associations de faire appara\u00eetre certaines mentions sur leur site internet : MUSIQUE SACR\u00c9E \u00c0 LA CATH\u00c9DRALE &hellip; <\/p>\n","protected":false},"author":1,"featured_media":250,"parent":0,"menu_order":0,"comment_status":"closed","ping_status":"closed","template":"","meta":{"spay_email":""},"yoast_head":"<!-- This site is optimized with the Yoast SEO plugin v17.9 - https:\/\/yoast.com\/wordpress\/plugins\/seo\/ -->\n<title>Mentions l\u00e9gales - Musique Sacr\u00e9e<\/title>\n<meta name=\"robots\" content=\"index, follow, max-snippet:-1, max-image-preview:large, max-video-preview:-1\" \/>\n<link rel=\"canonical\" href=\"https:\/\/musique-sacree-aix.fr\/index.php\/mentions-legales-2\/\" \/>\n<meta property=\"og:locale\" content=\"fr_FR\" \/>\n<meta property=\"og:type\" content=\"article\" \/>\n<meta property=\"og:title\" content=\"Mentions l\u00e9gales - Musique Sacr\u00e9e\" \/>\n<meta property=\"og:description\" content=\"Informations techniques Identit\u00e9 de l&rsquo;association \u00a9 All Rights Reserved. Tous droits r\u00e9serv\u00e9s Surplus Concert by Surplus Themes. | Powered by WordPress. Les lois du 6 janvier 1978, modifi\u00e9e le 7 ao\u00fbt 2004, et du 21 juin 2004 imposent aux associations de faire appara\u00eetre certaines mentions sur leur site internet : MUSIQUE SACR\u00c9E \u00c0 LA CATH\u00c9DRALE &hellip;\" \/>\n<meta property=\"og:url\" content=\"https:\/\/musique-sacree-aix.fr\/index.php\/mentions-legales-2\/\" \/>\n<meta property=\"og:site_name\" content=\"Musique Sacr\u00e9e\" \/>\n<meta property=\"article:publisher\" content=\"https:\/\/www.facebook.com\/musiquesacree.cathedraleaix\/\" \/>\n<meta property=\"article:modified_time\" content=\"2020-12-21T17:09:19+00:00\" \/>\n<meta property=\"og:image\" content=\"https:\/\/musique-sacree-aix.fr\/wp-content\/uploads\/2020\/12\/regulation-3246979_1280.jpg\" \/>\n\t<meta property=\"og:image:width\" content=\"1280\" \/>\n\t<meta property=\"og:image:height\" content=\"600\" \/>\n\t<meta property=\"og:image:type\" content=\"image\/jpeg\" \/>\n<meta name=\"twitter:card\" content=\"summary_large_image\" \/>\n<meta name=\"twitter:label1\" content=\"Dur\u00e9e de lecture estim\u00e9e\" \/>\n\t<meta name=\"twitter:data1\" content=\"3 minutes\" \/>\n<script type=\"application\/ld+json\" class=\"yoast-schema-graph\">{\"@context\":\"https:\/\/schema.org\",\"@graph\":[{\"@type\":\"Organization\",\"@id\":\"https:\/\/musique-sacree-aix.fr\/#organization\",\"name\":\"Musique Sacr\\u00e9e \\u00e0 la Cath\\u00e9drale d'Aix-en-Provence\",\"url\":\"https:\/\/musique-sacree-aix.fr\/\",\"sameAs\":[\"https:\/\/www.facebook.com\/musiquesacree.cathedraleaix\/\",\"https:\/\/www.youtube.com\/channel\/UC6PTCinXrlV6yM0dU4YTBww\"],\"logo\":{\"@type\":\"ImageObject\",\"@id\":\"https:\/\/musique-sacree-aix.fr\/#logo\",\"inLanguage\":\"fr-FR\",\"url\":\"https:\/\/musique-sacree-aix.fr\/wp-content\/uploads\/2020\/09\/HD-Logo-MSCA-couleur.png\",\"contentUrl\":\"https:\/\/musique-sacree-aix.fr\/wp-content\/uploads\/2020\/09\/HD-Logo-MSCA-couleur.png\",\"width\":2362,\"height\":2362,\"caption\":\"Musique Sacr\\u00e9e \\u00e0 la Cath\\u00e9drale d'Aix-en-Provence\"},\"image\":{\"@id\":\"https:\/\/musique-sacree-aix.fr\/#logo\"}},{\"@type\":\"WebSite\",\"@id\":\"https:\/\/musique-sacree-aix.fr\/#website\",\"url\":\"https:\/\/musique-sacree-aix.fr\/\",\"name\":\"Musique Sacr\\u00e9e Aix\",\"description\":\"\\u00e0 la Cath\\u00e9drale dAix-en-Provence\",\"publisher\":{\"@id\":\"https:\/\/musique-sacree-aix.fr\/#organization\"},\"potentialAction\":[{\"@type\":\"SearchAction\",\"target\":{\"@type\":\"EntryPoint\",\"urlTemplate\":\"https:\/\/musique-sacree-aix.fr\/?s={search_term_string}\"},\"query-input\":\"required name=search_term_string\"}],\"inLanguage\":\"fr-FR\"},{\"@type\":\"ImageObject\",\"@id\":\"https:\/\/musique-sacree-aix.fr\/index.php\/mentions-legales-2\/#primaryimage\",\"inLanguage\":\"fr-FR\",\"url\":\"https:\/\/musique-sacree-aix.fr\/wp-content\/uploads\/2020\/12\/regulation-3246979_1280.jpg\",\"contentUrl\":\"https:\/\/musique-sacree-aix.fr\/wp-content\/uploads\/2020\/12\/regulation-3246979_1280.jpg\",\"width\":1280,\"height\":600},{\"@type\":\"WebPage\",\"@id\":\"https:\/\/musique-sacree-aix.fr\/index.php\/mentions-legales-2\/#webpage\",\"url\":\"https:\/\/musique-sacree-aix.fr\/index.php\/mentions-legales-2\/\",\"name\":\"Mentions l\\u00e9gales - Musique Sacr\\u00e9e\",\"isPartOf\":{\"@id\":\"https:\/\/musique-sacree-aix.fr\/#website\"},\"primaryImageOfPage\":{\"@id\":\"https:\/\/musique-sacree-aix.fr\/index.php\/mentions-legales-2\/#primaryimage\"},\"datePublished\":\"2020-12-21T16:28:50+00:00\",\"dateModified\":\"2020-12-21T17:09:19+00:00\",\"breadcrumb\":{\"@id\":\"https:\/\/musique-sacree-aix.fr\/index.php\/mentions-legales-2\/#breadcrumb\"},\"inLanguage\":\"fr-FR\",\"potentialAction\":[{\"@type\":\"ReadAction\",\"target\":[\"https:\/\/musique-sacree-aix.fr\/index.php\/mentions-legales-2\/\"]}]},{\"@type\":\"BreadcrumbList\",\"@id\":\"https:\/\/musique-sacree-aix.fr\/index.php\/mentions-legales-2\/#breadcrumb\",\"itemListElement\":[{\"@type\":\"ListItem\",\"position\":1,\"name\":\"Accueil\",\"item\":\"https:\/\/musique-sacree-aix.fr\/\"},{\"@type\":\"ListItem\",\"position\":2,\"name\":\"Mentions l\\u00e9gales\"}]}]}<\/script>\n<!-- \/ Yoast SEO plugin. -->","yoast_head_json":{"title":"Mentions l\u00e9gales - Musique Sacr\u00e9e","robots":{"index":"index","follow":"follow","max-snippet":"max-snippet:-1","max-image-preview":"max-image-preview:large","max-video-preview":"max-video-preview:-1"},"canonical":"https:\/\/musique-sacree-aix.fr\/index.php\/mentions-legales-2\/","og_locale":"fr_FR","og_type":"article","og_title":"Mentions l\u00e9gales - Musique Sacr\u00e9e","og_description":"Informations techniques Identit\u00e9 de l&rsquo;association \u00a9 All Rights Reserved. Tous droits r\u00e9serv\u00e9s Surplus Concert by Surplus Themes. | Powered by WordPress. Les lois du 6 janvier 1978, modifi\u00e9e le 7 ao\u00fbt 2004, et du 21 juin 2004 imposent aux associations de faire appara\u00eetre certaines mentions sur leur site internet : MUSIQUE SACR\u00c9E \u00c0 LA CATH\u00c9DRALE &hellip;","og_url":"https:\/\/musique-sacree-aix.fr\/index.php\/mentions-legales-2\/","og_site_name":"Musique Sacr\u00e9e","article_publisher":"https:\/\/www.facebook.com\/musiquesacree.cathedraleaix\/","article_modified_time":"2020-12-21T17:09:19+00:00","og_image":[{"width":1280,"height":600,"url":"https:\/\/musique-sacree-aix.fr\/wp-content\/uploads\/2020\/12\/regulation-3246979_1280.jpg","type":"image\/jpeg"}],"twitter_card":"summary_large_image","twitter_misc":{"Dur\u00e9e de lecture estim\u00e9e":"3 minutes"},"schema":{"@context":"https:\/\/schema.org","@graph":[{"@type":"Organization","@id":"https:\/\/musique-sacree-aix.fr\/#organization","name":"Musique Sacr\u00e9e \u00e0 la Cath\u00e9drale d'Aix-en-Provence","url":"https:\/\/musique-sacree-aix.fr\/","sameAs":["https:\/\/www.facebook.com\/musiquesacree.cathedraleaix\/","https:\/\/www.youtube.com\/channel\/UC6PTCinXrlV6yM0dU4YTBww"],"logo":{"@type":"ImageObject","@id":"https:\/\/musique-sacree-aix.fr\/#logo","inLanguage":"fr-FR","url":"https:\/\/musique-sacree-aix.fr\/wp-content\/uploads\/2020\/09\/HD-Logo-MSCA-couleur.png","contentUrl":"https:\/\/musique-sacree-aix.fr\/wp-content\/uploads\/2020\/09\/HD-Logo-MSCA-couleur.png","width":2362,"height":2362,"caption":"Musique Sacr\u00e9e \u00e0 la Cath\u00e9drale d'Aix-en-Provence"},"image":{"@id":"https:\/\/musique-sacree-aix.fr\/#logo"}},{"@type":"WebSite","@id":"https:\/\/musique-sacree-aix.fr\/#website","url":"https:\/\/musique-sacree-aix.fr\/","name":"Musique Sacr\u00e9e Aix","description":"\u00e0 la Cath\u00e9drale dAix-en-Provence","publisher":{"@id":"https:\/\/musique-sacree-aix.fr\/#organization"},"potentialAction":[{"@type":"SearchAction","target":{"@type":"EntryPoint","urlTemplate":"https:\/\/musique-sacree-aix.fr\/?s={search_term_string}"},"query-input":"required name=search_term_string"}],"inLanguage":"fr-FR"},{"@type":"ImageObject","@id":"https:\/\/musique-sacree-aix.fr\/index.php\/mentions-legales-2\/#primaryimage","inLanguage":"fr-FR","url":"https:\/\/musique-sacree-aix.fr\/wp-content\/uploads\/2020\/12\/regulation-3246979_1280.jpg","contentUrl":"https:\/\/musique-sacree-aix.fr\/wp-content\/uploads\/2020\/12\/regulation-3246979_1280.jpg","width":1280,"height":600},{"@type":"WebPage","@id":"https:\/\/musique-sacree-aix.fr\/index.php\/mentions-legales-2\/#webpage","url":"https:\/\/musique-sacree-aix.fr\/index.php\/mentions-legales-2\/","name":"Mentions l\u00e9gales - Musique Sacr\u00e9e","isPartOf":{"@id":"https:\/\/musique-sacree-aix.fr\/#website"},"primaryImageOfPage":{"@id":"https:\/\/musique-sacree-aix.fr\/index.php\/mentions-legales-2\/#primaryimage"},"datePublished":"2020-12-21T16:28:50+00:00","dateModified":"2020-12-21T17:09:19+00:00","breadcrumb":{"@id":"https:\/\/musique-sacree-aix.fr\/index.php\/mentions-legales-2\/#breadcrumb"},"inLanguage":"fr-FR","potentialAction":[{"@type":"ReadAction","target":["https:\/\/musique-sacree-aix.fr\/index.php\/mentions-legales-2\/"]}]},{"@type":"BreadcrumbList","@id":"https:\/\/musique-sacree-aix.fr\/index.php\/mentions-legales-2\/#breadcrumb","itemListElement":[{"@type":"ListItem","position":1,"name":"Accueil","item":"https:\/\/musique-sacree-aix.fr\/"},{"@type":"ListItem","position":2,"name":"Mentions l\u00e9gales"}]}]}},"jetpack_sharing_enabled":true,"_links":{"self":[{"href":"https:\/\/musique-sacree-aix.fr\/index.php\/wp-json\/wp\/v2\/pages\/229"}],"collection":[{"href":"https:\/\/musique-sacree-aix.fr\/index.php\/wp-json\/wp\/v2\/pages"}],"about":[{"href":"https:\/\/musique-sacree-aix.fr\/index.php\/wp-json\/wp\/v2\/types\/page"}],"author":[{"embeddable":true,"href":"https:\/\/musique-sacree-aix.fr\/index.php\/wp-json\/wp\/v2\/users\/1"}],"replies":[{"embeddable":true,"href":"https:\/\/musique-sacree-aix.fr\/index.php\/wp-json\/wp\/v2\/comments?post=229"}],"version-history":[{"count":11,"href":"https:\/\/musique-sacree-aix.fr\/index.php\/wp-json\/wp\/v2\/pages\/229\/revisions"}],"predecessor-version":[{"id":249,"href":"https:\/\/musique-sacree-aix.fr\/index.php\/wp-json\/wp\/v2\/pages\/229\/revisions\/249"}],"wp:featuredmedia":[{"embeddable":true,"href":"https:\/\/musique-sacree-aix.fr\/index.php\/wp-json\/wp\/v2\/media\/250"}],"wp:attachment":[{"href":"https:\/\/musique-sacree-aix.fr\/index.php\/wp-json\/wp\/v2\/media?parent=229"}],"curies":[{"name":"wp","href":"https:\/\/api.w.org\/{rel}","templated":true}]}}