{"id":1032,"date":"2023-10-08T22:38:04","date_gmt":"2023-10-08T20:38:04","guid":{"rendered":"https:\/\/musique-sacree-aix.fr\/?page_id=1032"},"modified":"2025-02-17T22:12:20","modified_gmt":"2025-02-17T21:12:20","slug":"la-saison-musicale","status":"publish","type":"page","link":"https:\/\/musique-sacree-aix.fr\/index.php\/la-saison-musicale\/","title":{"rendered":"Programmation 2023 &#8211; 2024"},"content":{"rendered":"\n<div style=\"height:25px\" aria-hidden=\"true\" class=\"wp-block-spacer\"><\/div>\n\n\n\n<div class=\"wp-block-media-text alignwide has-media-on-the-right is-stacked-on-mobile\"><figure class=\"wp-block-media-text__media\"><img loading=\"lazy\" width=\"1024\" height=\"575\" src=\"https:\/\/musique-sacree-aix.fr\/wp-content\/uploads\/2022\/06\/trumpet-ico-quatuor-1024x575.jpg\" alt=\"\" class=\"wp-image-739 size-full\" srcset=\"https:\/\/musique-sacree-aix.fr\/wp-content\/uploads\/2022\/06\/trumpet-ico-quatuor-1024x575.jpg 1024w, https:\/\/musique-sacree-aix.fr\/wp-content\/uploads\/2022\/06\/trumpet-ico-quatuor-300x169.jpg 300w, https:\/\/musique-sacree-aix.fr\/wp-content\/uploads\/2022\/06\/trumpet-ico-quatuor-768x432.jpg 768w, https:\/\/musique-sacree-aix.fr\/wp-content\/uploads\/2022\/06\/trumpet-ico-quatuor-1536x863.jpg 1536w, https:\/\/musique-sacree-aix.fr\/wp-content\/uploads\/2022\/06\/trumpet-ico-quatuor.jpg 1920w\" sizes=\"(max-width: 1024px) 100vw, 1024px\" \/><\/figure><div class=\"wp-block-media-text__content\">\n<p><strong>Trompette et Orgue<\/strong><\/p>\n\n\n\n<p>Gr\u00e9goire Rolland, Orgue<br>Jean-Christophe GIRAULT, Trompette<\/p>\n\n\n\n<p><strong>15 octobre 2023, 17h<\/strong><br>Cath\u00e9drale d&rsquo;Aix-en-Provence, entr\u00e9e libre<\/p>\n\n\n\n<p><a href=\"https:\/\/musique-sacree-aix.fr\/index.php\/2023\/10\/08\/concert-de-rentree-trompette-et-orgue\/\" target=\"_blank\" rel=\"noreferrer noopener\">Plus d&rsquo;informations<\/a><\/p>\n<\/div><\/div>\n\n\n\n<div class=\"wp-block-media-text alignwide is-stacked-on-mobile\"><figure class=\"wp-block-media-text__media\"><img loading=\"lazy\" width=\"960\" height=\"641\" src=\"https:\/\/musique-sacree-aix.fr\/wp-content\/uploads\/2023\/10\/book-6186166_960_720.jpg\" alt=\"\" class=\"wp-image-1034 size-full\" srcset=\"https:\/\/musique-sacree-aix.fr\/wp-content\/uploads\/2023\/10\/book-6186166_960_720.jpg 960w, https:\/\/musique-sacree-aix.fr\/wp-content\/uploads\/2023\/10\/book-6186166_960_720-300x200.jpg 300w, https:\/\/musique-sacree-aix.fr\/wp-content\/uploads\/2023\/10\/book-6186166_960_720-768x513.jpg 768w\" sizes=\"(max-width: 960px) 100vw, 960px\" \/><\/figure><div class=\"wp-block-media-text__content\">\n<p><strong>\u00c9v\u00e8nement <\/strong><\/p>\n\n\n\n<p><strong>18 novembre 2023<\/strong><br>Valorisation du fonds musical de la ma\u00eetrise de la Cath\u00e9drale <\/p>\n\n\n\n<p><strong>Conf\u00e9rence et concert<\/strong><br>Avec l&rsquo;ensemble Concerto Soave<\/p>\n\n\n\n<p><a href=\"https:\/\/musique-sacree-aix.fr\/index.php\/2023\/10\/23\/concerto-soave-valorisation-du-fonds-musical-de-la-maitrise\/\" target=\"_blank\" rel=\"noreferrer noopener\">Plus d&rsquo;informations<\/a><\/p>\n<\/div><\/div>\n\n\n\n<div class=\"wp-block-media-text alignwide has-media-on-the-right is-stacked-on-mobile\"><figure class=\"wp-block-media-text__media\"><img loading=\"lazy\" width=\"1024\" height=\"768\" src=\"https:\/\/musique-sacree-aix.fr\/wp-content\/uploads\/2023\/10\/48364633_2051229728269128_2048214751787352064_o-1024x768.jpg\" alt=\"\" class=\"wp-image-1037 size-full\" srcset=\"https:\/\/musique-sacree-aix.fr\/wp-content\/uploads\/2023\/10\/48364633_2051229728269128_2048214751787352064_o-1024x768.jpg 1024w, https:\/\/musique-sacree-aix.fr\/wp-content\/uploads\/2023\/10\/48364633_2051229728269128_2048214751787352064_o-300x225.jpg 300w, https:\/\/musique-sacree-aix.fr\/wp-content\/uploads\/2023\/10\/48364633_2051229728269128_2048214751787352064_o-768x576.jpg 768w, https:\/\/musique-sacree-aix.fr\/wp-content\/uploads\/2023\/10\/48364633_2051229728269128_2048214751787352064_o-1536x1152.jpg 1536w, https:\/\/musique-sacree-aix.fr\/wp-content\/uploads\/2023\/10\/48364633_2051229728269128_2048214751787352064_o.jpg 1944w\" sizes=\"(max-width: 1024px) 100vw, 1024px\" \/><\/figure><div class=\"wp-block-media-text__content\">\n<p><strong>Concert de No\u00ebl<\/strong><br>10 d\u00e9cembre 2023<br><\/p>\n\n\n\n<p>Choeur et Orchestre Gaudete, Dir Pierre TAUDOU <\/p>\n\n\n\n<p><\/p>\n<\/div><\/div>\n\n\n\n<div class=\"wp-block-media-text alignwide is-stacked-on-mobile\" style=\"grid-template-columns:44% auto\"><figure class=\"wp-block-media-text__media\"><img loading=\"lazy\" width=\"1024\" height=\"768\" src=\"https:\/\/musique-sacree-aix.fr\/wp-content\/uploads\/2022\/12\/IMG_4367-1024x768.jpg\" alt=\"\" class=\"wp-image-921 size-full\" srcset=\"https:\/\/musique-sacree-aix.fr\/wp-content\/uploads\/2022\/12\/IMG_4367-1024x768.jpg 1024w, https:\/\/musique-sacree-aix.fr\/wp-content\/uploads\/2022\/12\/IMG_4367-300x225.jpg 300w, https:\/\/musique-sacree-aix.fr\/wp-content\/uploads\/2022\/12\/IMG_4367-768x576.jpg 768w, https:\/\/musique-sacree-aix.fr\/wp-content\/uploads\/2022\/12\/IMG_4367-1536x1152.jpg 1536w, https:\/\/musique-sacree-aix.fr\/wp-content\/uploads\/2022\/12\/IMG_4367-2048x1536.jpg 2048w\" sizes=\"(max-width: 1024px) 100vw, 1024px\" \/><\/figure><div class=\"wp-block-media-text__content\">\n<p><strong>Concert de No\u00ebl 2024<\/strong><\/p>\n\n\n\n<p>Ch\u0153ur de la Cath\u00e9drale<br>Ensemble vocal et instrumental \u00ab\u00a0Gaudete\u00a0\u00bb<\/p>\n\n\n\n<p><strong>15 d\u00e9cembre 2024, 17h<\/strong><br> Cath\u00e9drale d&rsquo;Aix-en-Provence, entr\u00e9e libre<\/p>\n\n\n\n<p><a href=\"https:\/\/musique-sacree-aix.fr\/index.php\/2024\/12\/08\/concert-de-noel-2024\/\" target=\"_blank\" rel=\"noreferrer noopener\">Plus d&rsquo;informations<\/a><\/p>\n<\/div><\/div>\n","protected":false},"excerpt":{"rendered":"<p>Trompette et Orgue Gr\u00e9goire Rolland, OrgueJean-Christophe GIRAULT, Trompette 15 octobre 2023, 17hCath\u00e9drale d&rsquo;Aix-en-Provence, entr\u00e9e libre Plus d&rsquo;informations \u00c9v\u00e8nement 18 novembre 2023Valorisation du fonds musical de la ma\u00eetrise de la Cath\u00e9drale Conf\u00e9rence et concertAvec l&rsquo;ensemble Concerto Soave Plus d&rsquo;informations Concert de No\u00ebl10 d\u00e9cembre 2023 Choeur et Orchestre Gaudete, Dir Pierre TAUDOU Concert de No\u00ebl 2024 Ch\u0153ur &hellip; <\/p>\n","protected":false},"author":1,"featured_media":146,"parent":0,"menu_order":0,"comment_status":"closed","ping_status":"closed","template":"","meta":{"spay_email":""},"yoast_head":"<!-- This site is optimized with the Yoast SEO plugin v17.9 - https:\/\/yoast.com\/wordpress\/plugins\/seo\/ -->\n<title>Programmation 2023 - 2024 - Musique Sacr\u00e9e<\/title>\n<meta name=\"robots\" content=\"index, follow, max-snippet:-1, max-image-preview:large, max-video-preview:-1\" \/>\n<link rel=\"canonical\" href=\"https:\/\/musique-sacree-aix.fr\/index.php\/la-saison-musicale\/\" \/>\n<meta property=\"og:locale\" content=\"fr_FR\" \/>\n<meta property=\"og:type\" content=\"article\" \/>\n<meta property=\"og:title\" content=\"Programmation 2023 - 2024 - Musique Sacr\u00e9e\" \/>\n<meta property=\"og:description\" content=\"Trompette et Orgue Gr\u00e9goire Rolland, OrgueJean-Christophe GIRAULT, Trompette 15 octobre 2023, 17hCath\u00e9drale d&rsquo;Aix-en-Provence, entr\u00e9e libre Plus d&rsquo;informations \u00c9v\u00e8nement 18 novembre 2023Valorisation du fonds musical de la ma\u00eetrise de la Cath\u00e9drale Conf\u00e9rence et concertAvec l&rsquo;ensemble Concerto Soave Plus d&rsquo;informations Concert de No\u00ebl10 d\u00e9cembre 2023 Choeur et Orchestre Gaudete, Dir Pierre TAUDOU Concert de No\u00ebl 2024 Ch\u0153ur &hellip;\" \/>\n<meta property=\"og:url\" content=\"https:\/\/musique-sacree-aix.fr\/index.php\/la-saison-musicale\/\" \/>\n<meta property=\"og:site_name\" content=\"Musique Sacr\u00e9e\" \/>\n<meta property=\"article:publisher\" content=\"https:\/\/www.facebook.com\/musiquesacree.cathedraleaix\/\" \/>\n<meta property=\"article:modified_time\" content=\"2025-02-17T21:12:20+00:00\" \/>\n<meta property=\"og:image\" content=\"https:\/\/musique-sacree-aix.fr\/wp-content\/uploads\/2020\/12\/gramophone-5168549_1920.jpg\" \/>\n\t<meta property=\"og:image:width\" content=\"1920\" \/>\n\t<meta property=\"og:image:height\" content=\"1280\" \/>\n\t<meta property=\"og:image:type\" content=\"image\/jpeg\" \/>\n<meta name=\"twitter:card\" content=\"summary_large_image\" \/>\n<meta name=\"twitter:label1\" content=\"Dur\u00e9e de lecture estim\u00e9e\" \/>\n\t<meta name=\"twitter:data1\" content=\"2 minutes\" \/>\n<script type=\"application\/ld+json\" class=\"yoast-schema-graph\">{\"@context\":\"https:\/\/schema.org\",\"@graph\":[{\"@type\":\"Organization\",\"@id\":\"https:\/\/musique-sacree-aix.fr\/#organization\",\"name\":\"Musique Sacr\\u00e9e \\u00e0 la Cath\\u00e9drale d'Aix-en-Provence\",\"url\":\"https:\/\/musique-sacree-aix.fr\/\",\"sameAs\":[\"https:\/\/www.facebook.com\/musiquesacree.cathedraleaix\/\",\"https:\/\/www.youtube.com\/channel\/UC6PTCinXrlV6yM0dU4YTBww\"],\"logo\":{\"@type\":\"ImageObject\",\"@id\":\"https:\/\/musique-sacree-aix.fr\/#logo\",\"inLanguage\":\"fr-FR\",\"url\":\"https:\/\/musique-sacree-aix.fr\/wp-content\/uploads\/2020\/09\/HD-Logo-MSCA-couleur.png\",\"contentUrl\":\"https:\/\/musique-sacree-aix.fr\/wp-content\/uploads\/2020\/09\/HD-Logo-MSCA-couleur.png\",\"width\":2362,\"height\":2362,\"caption\":\"Musique Sacr\\u00e9e \\u00e0 la Cath\\u00e9drale d'Aix-en-Provence\"},\"image\":{\"@id\":\"https:\/\/musique-sacree-aix.fr\/#logo\"}},{\"@type\":\"WebSite\",\"@id\":\"https:\/\/musique-sacree-aix.fr\/#website\",\"url\":\"https:\/\/musique-sacree-aix.fr\/\",\"name\":\"Musique Sacr\\u00e9e Aix\",\"description\":\"\\u00e0 la Cath\\u00e9drale dAix-en-Provence\",\"publisher\":{\"@id\":\"https:\/\/musique-sacree-aix.fr\/#organization\"},\"potentialAction\":[{\"@type\":\"SearchAction\",\"target\":{\"@type\":\"EntryPoint\",\"urlTemplate\":\"https:\/\/musique-sacree-aix.fr\/?s={search_term_string}\"},\"query-input\":\"required name=search_term_string\"}],\"inLanguage\":\"fr-FR\"},{\"@type\":\"ImageObject\",\"@id\":\"https:\/\/musique-sacree-aix.fr\/index.php\/la-saison-musicale\/#primaryimage\",\"inLanguage\":\"fr-FR\",\"url\":\"https:\/\/musique-sacree-aix.fr\/wp-content\/uploads\/2020\/12\/gramophone-5168549_1920.jpg\",\"contentUrl\":\"https:\/\/musique-sacree-aix.fr\/wp-content\/uploads\/2020\/12\/gramophone-5168549_1920.jpg\",\"width\":1920,\"height\":1280},{\"@type\":\"WebPage\",\"@id\":\"https:\/\/musique-sacree-aix.fr\/index.php\/la-saison-musicale\/#webpage\",\"url\":\"https:\/\/musique-sacree-aix.fr\/index.php\/la-saison-musicale\/\",\"name\":\"Programmation 2023 - 2024 - Musique Sacr\\u00e9e\",\"isPartOf\":{\"@id\":\"https:\/\/musique-sacree-aix.fr\/#website\"},\"primaryImageOfPage\":{\"@id\":\"https:\/\/musique-sacree-aix.fr\/index.php\/la-saison-musicale\/#primaryimage\"},\"datePublished\":\"2023-10-08T20:38:04+00:00\",\"dateModified\":\"2025-02-17T21:12:20+00:00\",\"breadcrumb\":{\"@id\":\"https:\/\/musique-sacree-aix.fr\/index.php\/la-saison-musicale\/#breadcrumb\"},\"inLanguage\":\"fr-FR\",\"potentialAction\":[{\"@type\":\"ReadAction\",\"target\":[\"https:\/\/musique-sacree-aix.fr\/index.php\/la-saison-musicale\/\"]}]},{\"@type\":\"BreadcrumbList\",\"@id\":\"https:\/\/musique-sacree-aix.fr\/index.php\/la-saison-musicale\/#breadcrumb\",\"itemListElement\":[{\"@type\":\"ListItem\",\"position\":1,\"name\":\"Accueil\",\"item\":\"https:\/\/musique-sacree-aix.fr\/\"},{\"@type\":\"ListItem\",\"position\":2,\"name\":\"Programmation 2023 &#8211; 2024\"}]}]}<\/script>\n<!-- \/ Yoast SEO plugin. -->","yoast_head_json":{"title":"Programmation 2023 - 2024 - Musique Sacr\u00e9e","robots":{"index":"index","follow":"follow","max-snippet":"max-snippet:-1","max-image-preview":"max-image-preview:large","max-video-preview":"max-video-preview:-1"},"canonical":"https:\/\/musique-sacree-aix.fr\/index.php\/la-saison-musicale\/","og_locale":"fr_FR","og_type":"article","og_title":"Programmation 2023 - 2024 - Musique Sacr\u00e9e","og_description":"Trompette et Orgue Gr\u00e9goire Rolland, OrgueJean-Christophe GIRAULT, Trompette 15 octobre 2023, 17hCath\u00e9drale d&rsquo;Aix-en-Provence, entr\u00e9e libre Plus d&rsquo;informations \u00c9v\u00e8nement 18 novembre 2023Valorisation du fonds musical de la ma\u00eetrise de la Cath\u00e9drale Conf\u00e9rence et concertAvec l&rsquo;ensemble Concerto Soave Plus d&rsquo;informations Concert de No\u00ebl10 d\u00e9cembre 2023 Choeur et Orchestre Gaudete, Dir Pierre TAUDOU Concert de No\u00ebl 2024 Ch\u0153ur &hellip;","og_url":"https:\/\/musique-sacree-aix.fr\/index.php\/la-saison-musicale\/","og_site_name":"Musique Sacr\u00e9e","article_publisher":"https:\/\/www.facebook.com\/musiquesacree.cathedraleaix\/","article_modified_time":"2025-02-17T21:12:20+00:00","og_image":[{"width":1920,"height":1280,"url":"https:\/\/musique-sacree-aix.fr\/wp-content\/uploads\/2020\/12\/gramophone-5168549_1920.jpg","type":"image\/jpeg"}],"twitter_card":"summary_large_image","twitter_misc":{"Dur\u00e9e de lecture estim\u00e9e":"2 minutes"},"schema":{"@context":"https:\/\/schema.org","@graph":[{"@type":"Organization","@id":"https:\/\/musique-sacree-aix.fr\/#organization","name":"Musique Sacr\u00e9e \u00e0 la Cath\u00e9drale d'Aix-en-Provence","url":"https:\/\/musique-sacree-aix.fr\/","sameAs":["https:\/\/www.facebook.com\/musiquesacree.cathedraleaix\/","https:\/\/www.youtube.com\/channel\/UC6PTCinXrlV6yM0dU4YTBww"],"logo":{"@type":"ImageObject","@id":"https:\/\/musique-sacree-aix.fr\/#logo","inLanguage":"fr-FR","url":"https:\/\/musique-sacree-aix.fr\/wp-content\/uploads\/2020\/09\/HD-Logo-MSCA-couleur.png","contentUrl":"https:\/\/musique-sacree-aix.fr\/wp-content\/uploads\/2020\/09\/HD-Logo-MSCA-couleur.png","width":2362,"height":2362,"caption":"Musique Sacr\u00e9e \u00e0 la Cath\u00e9drale d'Aix-en-Provence"},"image":{"@id":"https:\/\/musique-sacree-aix.fr\/#logo"}},{"@type":"WebSite","@id":"https:\/\/musique-sacree-aix.fr\/#website","url":"https:\/\/musique-sacree-aix.fr\/","name":"Musique Sacr\u00e9e Aix","description":"\u00e0 la Cath\u00e9drale dAix-en-Provence","publisher":{"@id":"https:\/\/musique-sacree-aix.fr\/#organization"},"potentialAction":[{"@type":"SearchAction","target":{"@type":"EntryPoint","urlTemplate":"https:\/\/musique-sacree-aix.fr\/?s={search_term_string}"},"query-input":"required name=search_term_string"}],"inLanguage":"fr-FR"},{"@type":"ImageObject","@id":"https:\/\/musique-sacree-aix.fr\/index.php\/la-saison-musicale\/#primaryimage","inLanguage":"fr-FR","url":"https:\/\/musique-sacree-aix.fr\/wp-content\/uploads\/2020\/12\/gramophone-5168549_1920.jpg","contentUrl":"https:\/\/musique-sacree-aix.fr\/wp-content\/uploads\/2020\/12\/gramophone-5168549_1920.jpg","width":1920,"height":1280},{"@type":"WebPage","@id":"https:\/\/musique-sacree-aix.fr\/index.php\/la-saison-musicale\/#webpage","url":"https:\/\/musique-sacree-aix.fr\/index.php\/la-saison-musicale\/","name":"Programmation 2023 - 2024 - Musique Sacr\u00e9e","isPartOf":{"@id":"https:\/\/musique-sacree-aix.fr\/#website"},"primaryImageOfPage":{"@id":"https:\/\/musique-sacree-aix.fr\/index.php\/la-saison-musicale\/#primaryimage"},"datePublished":"2023-10-08T20:38:04+00:00","dateModified":"2025-02-17T21:12:20+00:00","breadcrumb":{"@id":"https:\/\/musique-sacree-aix.fr\/index.php\/la-saison-musicale\/#breadcrumb"},"inLanguage":"fr-FR","potentialAction":[{"@type":"ReadAction","target":["https:\/\/musique-sacree-aix.fr\/index.php\/la-saison-musicale\/"]}]},{"@type":"BreadcrumbList","@id":"https:\/\/musique-sacree-aix.fr\/index.php\/la-saison-musicale\/#breadcrumb","itemListElement":[{"@type":"ListItem","position":1,"name":"Accueil","item":"https:\/\/musique-sacree-aix.fr\/"},{"@type":"ListItem","position":2,"name":"Programmation 2023 &#8211; 2024"}]}]}},"jetpack_sharing_enabled":true,"_links":{"self":[{"href":"https:\/\/musique-sacree-aix.fr\/index.php\/wp-json\/wp\/v2\/pages\/1032"}],"collection":[{"href":"https:\/\/musique-sacree-aix.fr\/index.php\/wp-json\/wp\/v2\/pages"}],"about":[{"href":"https:\/\/musique-sacree-aix.fr\/index.php\/wp-json\/wp\/v2\/types\/page"}],"author":[{"embeddable":true,"href":"https:\/\/musique-sacree-aix.fr\/index.php\/wp-json\/wp\/v2\/users\/1"}],"replies":[{"embeddable":true,"href":"https:\/\/musique-sacree-aix.fr\/index.php\/wp-json\/wp\/v2\/comments?post=1032"}],"version-history":[{"count":13,"href":"https:\/\/musique-sacree-aix.fr\/index.php\/wp-json\/wp\/v2\/pages\/1032\/revisions"}],"predecessor-version":[{"id":1125,"href":"https:\/\/musique-sacree-aix.fr\/index.php\/wp-json\/wp\/v2\/pages\/1032\/revisions\/1125"}],"wp:featuredmedia":[{"embeddable":true,"href":"https:\/\/musique-sacree-aix.fr\/index.php\/wp-json\/wp\/v2\/media\/146"}],"wp:attachment":[{"href":"https:\/\/musique-sacree-aix.fr\/index.php\/wp-json\/wp\/v2\/media?parent=1032"}],"curies":[{"name":"wp","href":"https:\/\/api.w.org\/{rel}","templated":true}]}}